{"id":321,"date":"2023-04-14T12:40:19","date_gmt":"2023-04-14T10:40:19","guid":{"rendered":"https:\/\/transportspeva.cat\/servicios\/"},"modified":"2023-09-01T10:02:29","modified_gmt":"2023-09-01T08:02:29","slug":"servicios","status":"publish","type":"page","link":"https:\/\/transportspeva.cat\/es\/servicios\/","title":{"rendered":"Servicios"},"content":{"rendered":"<section class=\"l-section wpb_row height_medium\"><div class=\"l-section-h i-cf\"><div class=\"g-cols vc_row via_flex valign_top type_default stacking_default\"><div class=\"vc_col-sm-12 wpb_column vc_column_container\"><div class=\"vc_column-inner us_custom_60e9caca us_animate_this\"><div class=\"wpb_wrapper\">[vc_custom_heading text=\u00bbServicios de transporte\u00bb font_container=\u00bbtag:h2|text_align:center\u00bb use_theme_fonts=\u00bbyes\u00bb][vc_custom_heading text=\u00bbEspecializada en el transporte a temperatura controlada, ofrecemos excelente servicio a nuestros clientes, gracias a nuestros profesionales altamente cualificados ya una flota de veh\u00edculos en constante renovaci\u00f3n por ser m\u00e1s eficientes energ\u00e9ticamente\u00bb font_container=\u00bbtag:h3|text_align:center\u00bb use_theme_fonts=\u00bbyes\u00bb]<div class=\"w-hwrapper us_custom_2b991ef7 align_center valign_stretch\" style=\"--hwrapper-gap:3rem\"><div class=\"w-iconbox us_custom_1ec7d259 shadow iconpos_top style_default color_primary align_center no_text\"><div class=\"w-iconbox-icon\" style=\"font-size:5rem;\"><span class=\"fas fa-temperature-frigid\"><\/span><\/div><div class=\"w-iconbox-meta\"><h4 class=\"w-iconbox-title\">Transporte de mercanc\u00eda por carretera a temperatura controlada<\/h4><\/div><\/div><div class=\"w-iconbox us_custom_1ec7d259 shadow iconpos_top style_default color_primary align_center no_text\"><div class=\"w-iconbox-icon\" style=\"font-size:5rem;\"><span class=\"fas fa-meat\"><\/span><\/div><div class=\"w-iconbox-meta\"><h4 class=\"w-iconbox-title\">Transporte de carne colgada<\/h4><\/div><\/div><div class=\"w-iconbox us_custom_1ec7d259 shadow iconpos_top style_default color_primary align_center no_text\"><div class=\"w-iconbox-icon\" style=\"font-size:5rem;\"><span class=\"fas fa-boxes\"><\/span><\/div><div class=\"w-iconbox-meta\"><h4 class=\"w-iconbox-title\">Transporte de mercanc\u00eda general<\/h4><\/div><\/div><\/div><\/div><\/div><\/div><\/div><\/div><\/section><section class=\"l-section wpb_row us_custom_4882c9a1 us_animate_this height_huge color_secondary with_shape\"><div class=\"l-section-shape type_tilt pos_top\" style=\"height:15vmin;\"><svg xmlns=\"http:\/\/www.w3.org\/2000\/svg\" viewBox=\"0 0 64 8\" preserveAspectRatio=\"none\" width=\"100%\" height=\"100%\">\r\n\t<path fill=\"currentColor\" d=\"M64 7.9 L64 10 L0 10 L0 0 Z\"\/>\r\n<\/svg><\/div><div class=\"l-section-shape type_tilt pos_bottom hor_flip\" style=\"height:15vmin;\"><svg xmlns=\"http:\/\/www.w3.org\/2000\/svg\" viewBox=\"0 0 64 8\" preserveAspectRatio=\"none\" width=\"100%\" height=\"100%\">\r\n\t<path fill=\"currentColor\" d=\"M64 7.9 L64 10 L0 10 L0 0 Z\"\/>\r\n<\/svg><\/div><div class=\"l-section-h i-cf\"><div class=\"g-cols vc_row via_flex valign_middle type_default stacking_default\"><div class=\"vc_col-sm-6 wpb_column vc_column_container\"><div class=\"vc_column-inner\"><div class=\"wpb_wrapper\">[vc_custom_heading text=\u00bbTransporte de mercanc\u00eda por carretera a temperatura controlada\u00bb use_theme_fonts=\u00bbyes\u00bb]<div class=\"wpb_text_column\"><div class=\"wpb_wrapper\"><p>Ofrecemos servicios de transporte de mercanc\u00eda por carretera a temperatura controlada para garantizar la perfecta conservaci\u00f3n de productos durante el trayecto. Disponemos de una flota de veh\u00edculos equipados con tecnolog\u00eda de control de temperatura y GPS para asegurar un continuo seguimiento de los env\u00edos y la localizaci\u00f3n de la mercanc\u00eda en todo momento. Nos destacamos por nuestra profesionalidad, puntualidad y comunicaci\u00f3n constante con los clientes, ofreciendo un servicio de alta calidad y garantizando la entrega en \u00f3ptimas condiciones. P\u00f3ngase en contacto con nosotros para obtener m\u00e1s informaci\u00f3n sobre nuestros servicios de transporte.<\/p>\n<\/div><\/div><div class=\"w-btn-wrapper align_none\"><a class=\"w-btn us-btn-style_1 us_custom_2b991ef7\" href=\"#contacte\"><span class=\"w-btn-label\">Escr\u00edbenos.<\/span><\/a><\/div><\/div><\/div><\/div><div class=\"vc_col-sm-6 wpb_column vc_column_container\"><div class=\"vc_column-inner\"><div class=\"wpb_wrapper\"><div class=\"w-image img-vh align_none\"><div class=\"w-image-h\"><img loading=\"lazy\" decoding=\"async\" width=\"1024\" height=\"683\" src=\"https:\/\/transportspeva.cat\/wp-content\/uploads\/2023\/05\/Frontal-de-camion-Transports-Peva-1024x683.webp\" class=\"attachment-large size-large\" alt=\"Frontal de camion Transports Peva\" srcset=\"https:\/\/transportspeva.cat\/wp-content\/uploads\/2023\/05\/Frontal-de-camion-Transports-Peva-1024x683.webp 1024w, https:\/\/transportspeva.cat\/wp-content\/uploads\/2023\/05\/Frontal-de-camion-Transports-Peva-300x200.webp 300w, https:\/\/transportspeva.cat\/wp-content\/uploads\/2023\/05\/Frontal-de-camion-Transports-Peva.webp 1920w\" sizes=\"auto, (max-width: 1024px) 100vw, 1024px\" \/><\/div><\/div><\/div><\/div><\/div><\/div><\/div><\/section><section class=\"l-section wpb_row us_custom_7e20fa79 us_animate_this height_medium\"><div class=\"l-section-h i-cf\"><div class=\"g-cols vc_row via_flex valign_middle type_default stacking_default\"><div class=\"vc_col-sm-6 wpb_column vc_column_container\"><div class=\"vc_column-inner\"><div class=\"wpb_wrapper\"><div class=\"w-image align_none\"><div class=\"w-image-h\"><img loading=\"lazy\" decoding=\"async\" width=\"1024\" height=\"683\" src=\"https:\/\/transportspeva.cat\/wp-content\/uploads\/2023\/05\/Parking-de-camiones-1024x683.webp\" class=\"attachment-large size-large\" alt=\"Parking de camiones\" srcset=\"https:\/\/transportspeva.cat\/wp-content\/uploads\/2023\/05\/Parking-de-camiones-1024x683.webp 1024w, https:\/\/transportspeva.cat\/wp-content\/uploads\/2023\/05\/Parking-de-camiones-300x200.webp 300w, https:\/\/transportspeva.cat\/wp-content\/uploads\/2023\/05\/Parking-de-camiones.webp 1920w\" sizes=\"auto, (max-width: 1024px) 100vw, 1024px\" \/><\/div><\/div><\/div><\/div><\/div><div class=\"vc_col-sm-6 wpb_column vc_column_container\"><div class=\"vc_column-inner\"><div class=\"wpb_wrapper\">[vc_custom_heading text=\u00bbTransporte de carne colgada\u00bb use_theme_fonts=\u00bbyes\u00bb]<div class=\"wpb_text_column\"><div class=\"wpb_wrapper\"><p>Ofrecemos servicios especializados en el transporte de carne colgada, con una flota de veh\u00edculos equipados con ganchos para garantizar el correcto traslado y evitar da\u00f1os. Supervisamos constantemente la temperatura y ventilaci\u00f3n del veh\u00edculo para garantizar la conservaci\u00f3n de la calidad de la carne durante el transporte. Nos aseguramos que los env\u00edos llegan en perfectas condiciones y ofrecemos un servicio de alta calidad y confianza. Cont\u00e1ctanos para m\u00e1s informaci\u00f3n sobre nuestro servicio de transporte de carne colgada.<\/p>\n<\/div><\/div><div class=\"w-btn-wrapper align_none\"><a class=\"w-btn us-btn-style_1 us_custom_2b991ef7\" href=\"#contacte\"><span class=\"w-btn-label\">Escr\u00edbenos.<\/span><\/a><\/div><\/div><\/div><\/div><\/div><\/div><\/section><section class=\"l-section wpb_row us_custom_83286a7d mercaderia height_huge color_secondary\"><div class=\"l-section-overlay\" style=\"background:rgba(51,51,51,0.85)\"><\/div><div class=\"l-section-h i-cf\"><div class=\"g-cols vc_row via_flex valign_middle type_default stacking_default\"><div class=\"vc_col-sm-6 wpb_column vc_column_container\"><div class=\"vc_column-inner us_custom_7e20fa79 us_animate_this\"><div class=\"wpb_wrapper\">[vc_custom_heading text=\u00bbTransporte de mercanc\u00eda general\u00bb use_theme_fonts=\u00bbyes\u00bb]<div class=\"wpb_text_column\"><div class=\"wpb_wrapper\"><p>Ofrecemos servicios de transporte de mercanc\u00eda general con amplia experiencia en el sector. Disponemos de una flota de veh\u00edculos equipados con la m\u00e1s avanzada tecnolog\u00eda para garantizar un transporte seguro y eficiente. Nuestro equipo altamente profesional asegura una entrega puntual y servicio personalizado y adaptado a las necesidades de cada cliente. Cont\u00e1ctanos para obtener m\u00e1s informaci\u00f3n sobre nuestros servicios de transporte de mercanc\u00eda general y c\u00f3mo podemos ayudarte con tus env\u00edos.<\/p>\n<\/div><\/div><div class=\"w-btn-wrapper align_none\"><a class=\"w-btn us-btn-style_1 us_custom_2b991ef7\" href=\"#contacte\"><span class=\"w-btn-label\">Escr\u00edbenos.<\/span><\/a><\/div><\/div><\/div><\/div><div class=\"vc_col-sm-6 wpb_column vc_column_container\"><div class=\"vc_column-inner us_custom_47474b22 us_animate_this\"><div class=\"wpb_wrapper\"><div class=\"w-image align_none\"><div class=\"w-image-h\"><img loading=\"lazy\" decoding=\"async\" width=\"1024\" height=\"683\" src=\"https:\/\/transportspeva.cat\/wp-content\/uploads\/2023\/05\/Sello-Transports-Peva-1024x683.webp\" class=\"attachment-large size-large\" alt=\"Sello Transports Peva\" srcset=\"https:\/\/transportspeva.cat\/wp-content\/uploads\/2023\/05\/Sello-Transports-Peva-1024x683.webp 1024w, https:\/\/transportspeva.cat\/wp-content\/uploads\/2023\/05\/Sello-Transports-Peva-300x200.webp 300w, https:\/\/transportspeva.cat\/wp-content\/uploads\/2023\/05\/Sello-Transports-Peva.webp 1920w\" sizes=\"auto, (max-width: 1024px) 100vw, 1024px\" \/><\/div><\/div><\/div><\/div><\/div><\/div><\/div><\/section><section class=\"l-section wpb_row us_custom_60e9caca us_animate_this height_huge\" id=\"contacto\"><div class=\"l-section-h i-cf\"><div class=\"g-cols vc_row via_flex valign_middle type_boxes stacking_default\"><div class=\"vc_col-sm-6 wpb_column vc_column_container has_text_color has_bg_color\"><div class=\"vc_column-inner us_custom_dd03f4c8\"><div class=\"wpb_wrapper\">[vc_custom_heading text=\u00bbContacto\u00bb font_container=\u00bbtag:h3|text_align:center\u00bb use_theme_fonts=\u00bbyes\u00bb]<div class=\"wpb_text_column\"><div class=\"wpb_wrapper\">\n<div class=\"wpcf7 no-js\" id=\"wpcf7-f328-o1\" lang=\"es-ES\" dir=\"ltr\">\n<div class=\"screen-reader-response\"><p role=\"status\" aria-live=\"polite\" aria-atomic=\"true\"><\/p> <ul><\/ul><\/div>\n<form action=\"\/es\/wp-json\/wp\/v2\/pages\/321#wpcf7-f328-o1\" method=\"post\" class=\"wpcf7-form init wpcf7-acceptance-as-validation\" aria-label=\"Formulario de contacto\" novalidate=\"novalidate\" data-status=\"init\">\n<div style=\"display: none;\">\n<input type=\"hidden\" name=\"_wpcf7\" value=\"328\" \/>\n<input type=\"hidden\" name=\"_wpcf7_version\" value=\"5.7.7\" \/>\n<input type=\"hidden\" name=\"_wpcf7_locale\" value=\"es_ES\" \/>\n<input type=\"hidden\" name=\"_wpcf7_unit_tag\" value=\"wpcf7-f328-o1\" \/>\n<input type=\"hidden\" name=\"_wpcf7_container_post\" value=\"0\" \/>\n<input type=\"hidden\" name=\"_wpcf7_posted_data_hash\" value=\"\" \/>\n<input type=\"hidden\" name=\"_wpcf7_recaptcha_response\" value=\"\" \/>\n<\/div>\n<div class=\"main-contact-form-cita\">\n<div class=\"field-wrap col2\"><label for=\"nombre\"><span class=\"label\">Nombre<\/span><\/label><span class=\"wpcf7-form-control-wrap\" data-name=\"nombre\"><input size=\"40\" class=\"wpcf7-form-control wpcf7-text wpcf7-validates-as-required\" id=\"nombre\" aria-required=\"true\" aria-invalid=\"false\" placeholder=\"Nombre\" value=\"\" type=\"text\" name=\"nombre\" \/><\/span><\/div>\n<div class=\"field-wrap col2\"><label for=\"email\"><span class=\"label\">Email<\/span><\/label><span class=\"wpcf7-form-control-wrap\" data-name=\"email\"><input size=\"40\" class=\"wpcf7-form-control wpcf7-text wpcf7-email wpcf7-validates-as-required wpcf7-validates-as-email\" id=\"email\" aria-required=\"true\" aria-invalid=\"false\" placeholder=\"Email\" value=\"\" type=\"email\" name=\"email\" \/><\/span><\/div>\n<div class=\"field-wrap col2\"><label for=\"telefono\"><span class=\"label\">Tel\u00e9fono<\/span><\/label><span class=\"wpcf7-form-control-wrap\" data-name=\"telefono\"><input size=\"40\" class=\"wpcf7-form-control wpcf7-text wpcf7-tel wpcf7-validates-as-required wpcf7-validates-as-tel\" id=\"telefono\" aria-required=\"true\" aria-invalid=\"false\" placeholder=\"Tel\u00e9fono\" value=\"\" type=\"tel\" name=\"telefono\" \/><\/span><\/div>\n<div class=\"field-wrap col2\"><label for=\"contacto_asunto\"><span class=\"label\">Asunto<span><\/label><span class=\"wpcf7-form-control-wrap\" data-name=\"contacto_asunto\"><input size=\"40\" class=\"wpcf7-form-control wpcf7-text wpcf7-validates-as-required\" id=\"contacto_asunto\" aria-required=\"true\" aria-invalid=\"false\" placeholder=\"Asunto\" value=\"\" type=\"text\" name=\"contacto_asunto\" \/><\/span><\/div>\n\n<div class=\"field-wrap col1\"><label for=\"mensaje\"><span class=\"label\">Mensaje:<\/span><\/label><span class=\"wpcf7-form-control-wrap\" data-name=\"mensaje\"><textarea cols=\"40\" rows=\"10\" class=\"wpcf7-form-control wpcf7-textarea\" id=\"mensaje\" aria-invalid=\"false\" placeholder=\"Mensaje\" name=\"mensaje\"><\/textarea><\/span> <\/div>\n<div class=\"field-wrap col1\"><label for=\"aceptacion\"><span class=\"wpcf7-form-control-wrap\" data-name=\"aceptacion\"><span class=\"wpcf7-form-control wpcf7-acceptance\"><span class=\"wpcf7-list-item\"><input type=\"checkbox\" name=\"aceptacion\" value=\"1\" id=\"aceptacion\" aria-invalid=\"false\" \/><\/span><\/span><\/span> \nInformado y conforme <a rel=\"nofollow\" target=\"_blank\" href=\"https:\/\/transportspeva.cat\/es\/aviso-legal\/\">Aviso Legal<\/a>.<\/label><\/div>\n<div class=\"aviso-legal\">En nombre de TRANSPORTS PEVA, S.L.,  propietaria del dominio web www.transportspeva.cat y en virtud de lo establecido en el Reglamento General de Protecci\u00f3n de Datos (UE 1679\/2016) les informamos que tratamos los datos que nos facilita en el presente formulario con el fin de poder hacer efectiva su solicitud de informaci\u00f3n. Los datos proporcionados se conservar\u00e1n mientras se realiza el procesamiento de su solicitud y se le da respuesta. Usted tiene derecho a obtener confirmaci\u00f3n sobre si en TRANSPORTS PEVA, S.L.  estamos tratando sus datos personales por tanto tiene derecho a acceder a sus datos personales, rectificar los inexactos o solicitar su supresi\u00f3n cuando ya no sean necesarios. <\/div>\n<div class=\"submit-btn\"><input class=\"wpcf7-form-control has-spinner wpcf7-submit\" id=\"form-contact\" type=\"submit\" value=\"Enviar consulta\" \/><\/div>\n<\/div><div class=\"wpcf7-response-output\" aria-hidden=\"true\"><\/div>\n<\/form>\n<\/div>\n\n<\/div><\/div><\/div><\/div><\/div><div class=\"vc_col-sm-6 wpb_column vc_column_container\"><div class=\"vc_column-inner\"><div class=\"wpb_wrapper\"><div class=\"wpb_text_column\"><div class=\"wpb_wrapper\"><h2>P\u00f3ngase en <span style=\"color: var(--color-content-primary);\">contacto con nosotros<\/span><\/h2>\n<\/div><\/div><div class=\"w-separator size_small with_line width_30 thick_2 style_solid color_primary align_left\"><div class=\"w-separator-h\"><\/div><\/div><div class=\"wpb_text_column\"><div class=\"wpb_wrapper\"><div class=\"wpb_text_column\">\n<div class=\"wpb_wrapper\">\n<p>Si necesitas m\u00e1s informaci\u00f3n, no dudes en preguntarnos. Rellena el siguiente formulario y en breve nos pondremos en contacto contigo.<\/p>\n<\/div>\n<\/div>\n<\/div><\/div><div class=\"w-separator size_medium\"><\/div><div class=\"w-iconbox iconpos_left style_default color_primary align_left no_title\"><div class=\"w-iconbox-icon\" style=\"font-size:2rem;\"><span class=\"far fa-map-marker-alt\"><\/span><\/div><div class=\"w-iconbox-meta\"><div class=\"w-iconbox-text\"><p><a href=\"https:\/\/goo.gl\/maps\/QBcaZuiEvn7kv2ZD6\" target=\"_blank\" rel=\"noopener\">P.I. El Ponsic, Parc.4- 08279 Aviny\u00f3<\/a><\/p>\n<\/div><\/div><\/div><div class=\"w-separator size_small\"><\/div><div class=\"w-iconbox iconpos_left style_default color_primary align_left no_title\"><div class=\"w-iconbox-icon\" style=\"font-size:2rem;\"><span class=\"far fa-phone\"><\/span><\/div><div class=\"w-iconbox-meta\"><div class=\"w-iconbox-text\"><p><a href=\"tel:+34938387722\">+34 938 387 722<\/a><\/p>\n<\/div><\/div><\/div><div class=\"w-separator size_small\"><\/div><div class=\"w-iconbox iconpos_left style_default color_primary align_left no_title\"><div class=\"w-iconbox-icon\" style=\"font-size:2rem;\"><span class=\"far fa-clock\"><\/span><\/div><div class=\"w-iconbox-meta\"><div class=\"w-iconbox-text\"><p><a href=\"https:\/\/goo.gl\/maps\/QBcaZuiEvn7kv2ZD6\" target=\"_blank\" rel=\"noopener\">Lunes a viernes de 8 a 17h<\/a><\/p>\n<\/div><\/div><\/div><div class=\"w-separator size_small\"><\/div><div class=\"w-iconbox iconpos_left style_default color_primary align_left no_title\"><div class=\"w-iconbox-icon\" style=\"font-size:2rem;\"><span class=\"far fa-envelope\"><\/span><\/div><div class=\"w-iconbox-meta\"><div class=\"w-iconbox-text\"><p><a href=\"mailto:admin@transportspeva.cat\">admin@transportspeva.cat<\/a><\/p>\n<\/div><\/div><\/div><\/div><\/div><\/div><\/div><\/div><\/section>\n","protected":false},"excerpt":{"rendered":"[vc_custom_heading text=\"Servicios de transporte\" font_container=\"tag:h2|text_align:center\" use_theme_fonts=\"yes\"][vc_custom_heading text=\"Especializada en el transporte a temperatura controlada, ofrecemos excelente servicio a nuestros clientes, gracias a nuestros profesionales altamente cualificados ya una flota de veh\u00edculos en constante renovaci\u00f3n por ser m\u00e1s eficientes energ\u00e9ticamente\" font_container=\"tag:h3|text_align:center\" use_theme_fonts=\"yes\"]Transporte de mercanc\u00eda por carretera a temperatura controladaTransporte de carne colgadaTransporte de mercanc\u00eda general [vc_custom_heading text=\"Transporte...","protected":false},"author":1,"featured_media":370,"parent":0,"menu_order":0,"comment_status":"closed","ping_status":"closed","template":"","meta":{"footnotes":""},"class_list":["post-321","page","type-page","status-publish","has-post-thumbnail","hentry"],"yoast_head":"<!-- This site is optimized with the Yoast SEO plugin v20.8 - https:\/\/yoast.com\/wordpress\/plugins\/seo\/ -->\n<title>Servicios - Transports Peva<\/title>\n<meta name=\"description\" content=\"Empresa especializada en el transporte a temperatura controlada, ofrecemos un excelente servicio a nuestros clientes\" \/>\n<meta name=\"robots\" content=\"index, follow, max-snippet:-1, max-image-preview:large, max-video-preview:-1\" \/>\n<link rel=\"canonical\" href=\"https:\/\/transportspeva.cat\/es\/servicios\/\" \/>\n<meta property=\"og:locale\" content=\"es_ES\" \/>\n<meta property=\"og:type\" content=\"article\" \/>\n<meta property=\"og:title\" content=\"Servicios - Transports Peva\" \/>\n<meta property=\"og:description\" content=\"Empresa especializada en el transporte a temperatura controlada, ofrecemos un excelente servicio a nuestros clientes\" \/>\n<meta property=\"og:url\" content=\"https:\/\/transportspeva.cat\/es\/servicios\/\" \/>\n<meta property=\"og:site_name\" content=\"Transports Peva\" \/>\n<meta property=\"article:modified_time\" content=\"2023-09-01T08:02:29+00:00\" \/>\n<meta property=\"og:image\" content=\"https:\/\/transportspeva.cat\/wp-content\/uploads\/2023\/05\/Lavado-de-camion.webp\" \/>\n\t<meta property=\"og:image:width\" content=\"1920\" \/>\n\t<meta property=\"og:image:height\" content=\"1276\" \/>\n\t<meta property=\"og:image:type\" content=\"image\/webp\" \/>\n<meta name=\"twitter:card\" content=\"summary_large_image\" \/>\n<meta name=\"twitter:label1\" content=\"Tiempo de lectura\" \/>\n\t<meta name=\"twitter:data1\" content=\"3 minutos\" \/>\n<script type=\"application\/ld+json\" class=\"yoast-schema-graph\">{\"@context\":\"https:\/\/schema.org\",\"@graph\":[{\"@type\":\"WebPage\",\"@id\":\"https:\/\/transportspeva.cat\/es\/servicios\/\",\"url\":\"https:\/\/transportspeva.cat\/es\/servicios\/\",\"name\":\"Servicios - Transports Peva\",\"isPartOf\":{\"@id\":\"https:\/\/transportspeva.cat\/es\/#website\"},\"datePublished\":\"2023-04-14T10:40:19+00:00\",\"dateModified\":\"2023-09-01T08:02:29+00:00\",\"description\":\"Empresa especializada en el transporte a temperatura controlada, ofrecemos un excelente servicio a nuestros clientes\",\"breadcrumb\":{\"@id\":\"https:\/\/transportspeva.cat\/es\/servicios\/#breadcrumb\"},\"inLanguage\":\"es\",\"potentialAction\":[{\"@type\":\"ReadAction\",\"target\":[\"https:\/\/transportspeva.cat\/es\/servicios\/\"]}]},{\"@type\":\"BreadcrumbList\",\"@id\":\"https:\/\/transportspeva.cat\/es\/servicios\/#breadcrumb\",\"itemListElement\":[{\"@type\":\"ListItem\",\"position\":1,\"name\":\"Portada\",\"item\":\"https:\/\/transportspeva.cat\/es\/inicio\/\"},{\"@type\":\"ListItem\",\"position\":2,\"name\":\"Servicios\"}]},{\"@type\":\"WebSite\",\"@id\":\"https:\/\/transportspeva.cat\/es\/#website\",\"url\":\"https:\/\/transportspeva.cat\/es\/\",\"name\":\"Transports Peva\",\"description\":\"\",\"publisher\":{\"@id\":\"https:\/\/transportspeva.cat\/es\/#organization\"},\"potentialAction\":[{\"@type\":\"SearchAction\",\"target\":{\"@type\":\"EntryPoint\",\"urlTemplate\":\"https:\/\/transportspeva.cat\/es\/?s={search_term_string}\"},\"query-input\":\"required name=search_term_string\"}],\"inLanguage\":\"es\"},{\"@type\":\"Organization\",\"@id\":\"https:\/\/transportspeva.cat\/es\/#organization\",\"name\":\"Transports Peva\",\"url\":\"https:\/\/transportspeva.cat\/es\/\",\"logo\":{\"@type\":\"ImageObject\",\"inLanguage\":\"es\",\"@id\":\"https:\/\/transportspeva.cat\/es\/#\/schema\/logo\/image\/\",\"url\":\"https:\/\/transportspeva.cat\/wp-content\/uploads\/2023\/04\/logo.jpg\",\"contentUrl\":\"https:\/\/transportspeva.cat\/wp-content\/uploads\/2023\/04\/logo.jpg\",\"width\":250,\"height\":176,\"caption\":\"Transports Peva\"},\"image\":{\"@id\":\"https:\/\/transportspeva.cat\/es\/#\/schema\/logo\/image\/\"}}]}<\/script>\n<!-- \/ Yoast SEO plugin. -->","yoast_head_json":{"title":"Servicios - Transports Peva","description":"Empresa especializada en el transporte a temperatura controlada, ofrecemos un excelente servicio a nuestros clientes","robots":{"index":"index","follow":"follow","max-snippet":"max-snippet:-1","max-image-preview":"max-image-preview:large","max-video-preview":"max-video-preview:-1"},"canonical":"https:\/\/transportspeva.cat\/es\/servicios\/","og_locale":"es_ES","og_type":"article","og_title":"Servicios - Transports Peva","og_description":"Empresa especializada en el transporte a temperatura controlada, ofrecemos un excelente servicio a nuestros clientes","og_url":"https:\/\/transportspeva.cat\/es\/servicios\/","og_site_name":"Transports Peva","article_modified_time":"2023-09-01T08:02:29+00:00","og_image":[{"width":1920,"height":1276,"url":"https:\/\/transportspeva.cat\/wp-content\/uploads\/2023\/05\/Lavado-de-camion.webp","type":"image\/webp"}],"twitter_card":"summary_large_image","twitter_misc":{"Tiempo de lectura":"3 minutos"},"schema":{"@context":"https:\/\/schema.org","@graph":[{"@type":"WebPage","@id":"https:\/\/transportspeva.cat\/es\/servicios\/","url":"https:\/\/transportspeva.cat\/es\/servicios\/","name":"Servicios - Transports Peva","isPartOf":{"@id":"https:\/\/transportspeva.cat\/es\/#website"},"datePublished":"2023-04-14T10:40:19+00:00","dateModified":"2023-09-01T08:02:29+00:00","description":"Empresa especializada en el transporte a temperatura controlada, ofrecemos un excelente servicio a nuestros clientes","breadcrumb":{"@id":"https:\/\/transportspeva.cat\/es\/servicios\/#breadcrumb"},"inLanguage":"es","potentialAction":[{"@type":"ReadAction","target":["https:\/\/transportspeva.cat\/es\/servicios\/"]}]},{"@type":"BreadcrumbList","@id":"https:\/\/transportspeva.cat\/es\/servicios\/#breadcrumb","itemListElement":[{"@type":"ListItem","position":1,"name":"Portada","item":"https:\/\/transportspeva.cat\/es\/inicio\/"},{"@type":"ListItem","position":2,"name":"Servicios"}]},{"@type":"WebSite","@id":"https:\/\/transportspeva.cat\/es\/#website","url":"https:\/\/transportspeva.cat\/es\/","name":"Transports Peva","description":"","publisher":{"@id":"https:\/\/transportspeva.cat\/es\/#organization"},"potentialAction":[{"@type":"SearchAction","target":{"@type":"EntryPoint","urlTemplate":"https:\/\/transportspeva.cat\/es\/?s={search_term_string}"},"query-input":"required name=search_term_string"}],"inLanguage":"es"},{"@type":"Organization","@id":"https:\/\/transportspeva.cat\/es\/#organization","name":"Transports Peva","url":"https:\/\/transportspeva.cat\/es\/","logo":{"@type":"ImageObject","inLanguage":"es","@id":"https:\/\/transportspeva.cat\/es\/#\/schema\/logo\/image\/","url":"https:\/\/transportspeva.cat\/wp-content\/uploads\/2023\/04\/logo.jpg","contentUrl":"https:\/\/transportspeva.cat\/wp-content\/uploads\/2023\/04\/logo.jpg","width":250,"height":176,"caption":"Transports Peva"},"image":{"@id":"https:\/\/transportspeva.cat\/es\/#\/schema\/logo\/image\/"}}]}},"_links":{"self":[{"href":"https:\/\/transportspeva.cat\/es\/wp-json\/wp\/v2\/pages\/321","targetHints":{"allow":["GET"]}}],"collection":[{"href":"https:\/\/transportspeva.cat\/es\/wp-json\/wp\/v2\/pages"}],"about":[{"href":"https:\/\/transportspeva.cat\/es\/wp-json\/wp\/v2\/types\/page"}],"author":[{"embeddable":true,"href":"https:\/\/transportspeva.cat\/es\/wp-json\/wp\/v2\/users\/1"}],"replies":[{"embeddable":true,"href":"https:\/\/transportspeva.cat\/es\/wp-json\/wp\/v2\/comments?post=321"}],"version-history":[{"count":22,"href":"https:\/\/transportspeva.cat\/es\/wp-json\/wp\/v2\/pages\/321\/revisions"}],"predecessor-version":[{"id":536,"href":"https:\/\/transportspeva.cat\/es\/wp-json\/wp\/v2\/pages\/321\/revisions\/536"}],"wp:featuredmedia":[{"embeddable":true,"href":"https:\/\/transportspeva.cat\/es\/wp-json\/wp\/v2\/media\/370"}],"wp:attachment":[{"href":"https:\/\/transportspeva.cat\/es\/wp-json\/wp\/v2\/media?parent=321"}],"curies":[{"name":"wp","href":"https:\/\/api.w.org\/{rel}","templated":true}]}}