{"id":318,"date":"2023-04-14T12:39:58","date_gmt":"2023-04-14T10:39:58","guid":{"rendered":"https:\/\/transportspeva.cat\/quienes-somos\/"},"modified":"2023-09-01T09:56:02","modified_gmt":"2023-09-01T07:56:02","slug":"quienes-somos","status":"publish","type":"page","link":"https:\/\/transportspeva.cat\/es\/quienes-somos\/","title":{"rendered":"Qui\u00e9nes somos"},"content":{"rendered":"<section class=\"l-section wpb_row height_medium\"><div class=\"l-section-h i-cf\"><div class=\"g-cols vc_row via_flex valign_top type_default stacking_default\"><div class=\"vc_col-sm-12 wpb_column vc_column_container\"><div class=\"vc_column-inner\"><div class=\"wpb_wrapper\"><div class=\"g-cols wpb_row via_flex valign_middle type_default stacking_default\"><div class=\"vc_col-sm-6 wpb_column vc_column_container\"><div class=\"vc_column-inner us_custom_7e20fa79 us_animate_this\"><div class=\"wpb_wrapper\"><div class=\"wpb_text_column\"><div class=\"wpb_wrapper\"><h2>Soluciones <span style=\"color: var(--color-content-primary);\">de log\u00edstica<\/span><\/h2>\n<\/div><\/div><div class=\"w-separator size_small with_line width_30 thick_2 style_solid color_primary align_left\"><div class=\"w-separator-h\"><\/div><\/div><div class=\"wpb_text_column\"><div class=\"wpb_wrapper\"><div class=\"wpb_text_column us_custom_432d3f53\">\n<div class=\"wpb_wrapper\">\n<p>Somos una empresa familiar con m\u00e1s de 45 a\u00f1os de experiencia en el sector del <strong>transporte de mercanc\u00edas<\/strong> por carretera nacional e internacional.<\/p>\n<p>Nacida en 1976, y actualmente, <strong>especializada en el transporte a temperatura controlada.<\/strong> Estamos ofreciendo un <strong>excelente servicio de calidad<\/strong> a nuestros clientes gracias a nuestros profesionales altamente cualificados y a una flota de veh\u00edculos dotada de las <strong>\u00faltimas tecnolog\u00edas<\/strong> que permiten un seguimiento en tiempo real por parte del cliente de los transportados (localizaci\u00f3n y\/o temperatura).<\/p>\n<p>Nuestra flota de veh\u00edculos est\u00e1 en <strong>constante renovaci\u00f3n<\/strong> para ser m\u00e1s eficientes energ\u00e9ticamente.<\/p>\n<\/div>\n<\/div>\n<\/div><\/div><div class=\"w-separator size_small\"><\/div><div class=\"w-btn-wrapper align_left\"><a class=\"w-btn us-btn-style_2\" href=\"https:\/\/transportspeva.cat\/es\/contacto\/\"><span class=\"w-btn-label\">Contacto<\/span><\/a><\/div><\/div><\/div><\/div><div class=\"vc_col-sm-6 wpb_column vc_column_container\"><div class=\"vc_column-inner us_custom_47474b22 us_animate_this\"><div class=\"wpb_wrapper\"><div class=\"w-image align_none\"><div class=\"w-image-h\"><img loading=\"lazy\" decoding=\"async\" width=\"1024\" height=\"683\" src=\"https:\/\/transportspeva.cat\/wp-content\/uploads\/2023\/05\/Oficina-de-Transports-Peva-1024x683.webp\" class=\"attachment-large size-large\" alt=\"Oficina de Transports Peva\" srcset=\"https:\/\/transportspeva.cat\/wp-content\/uploads\/2023\/05\/Oficina-de-Transports-Peva-1024x683.webp 1024w, https:\/\/transportspeva.cat\/wp-content\/uploads\/2023\/05\/Oficina-de-Transports-Peva-300x200.webp 300w, https:\/\/transportspeva.cat\/wp-content\/uploads\/2023\/05\/Oficina-de-Transports-Peva.webp 1920w\" sizes=\"auto, (max-width: 1024px) 100vw, 1024px\" \/><\/div><\/div><\/div><\/div><\/div><\/div><\/div><\/div><\/div><\/div><\/div><\/section><section class=\"l-section wpb_row height_huge color_primary with_shape\"><div class=\"l-section-shape type_tilt pos_top\" style=\"height:15vmin;\"><svg xmlns=\"http:\/\/www.w3.org\/2000\/svg\" viewBox=\"0 0 64 8\" preserveAspectRatio=\"none\" width=\"100%\" height=\"100%\">\r\n\t<path fill=\"currentColor\" d=\"M64 7.9 L64 10 L0 10 L0 0 Z\"\/>\r\n<\/svg><\/div><div class=\"l-section-shape type_tilt pos_bottom hor_flip\" style=\"height:15vmin;\"><svg xmlns=\"http:\/\/www.w3.org\/2000\/svg\" viewBox=\"0 0 64 8\" preserveAspectRatio=\"none\" width=\"100%\" height=\"100%\">\r\n\t<path fill=\"currentColor\" d=\"M64 7.9 L64 10 L0 10 L0 0 Z\"\/>\r\n<\/svg><\/div><div class=\"l-section-h i-cf\"><div class=\"g-cols vc_row via_flex valign_middle type_default stacking_default\"><div class=\"vc_col-sm-6 wpb_column vc_column_container\"><div class=\"vc_column-inner us_custom_7e20fa79 us_animate_this\"><div class=\"wpb_wrapper\"><div class=\"w-image img-vh align_none\"><div class=\"w-image-h\"><img loading=\"lazy\" decoding=\"async\" width=\"1024\" height=\"677\" src=\"https:\/\/transportspeva.cat\/wp-content\/uploads\/2023\/05\/Limpieza-de-camion-1024x677.webp\" class=\"attachment-large size-large\" alt=\"Limpieza de camion\" srcset=\"https:\/\/transportspeva.cat\/wp-content\/uploads\/2023\/05\/Limpieza-de-camion-1024x677.webp 1024w, https:\/\/transportspeva.cat\/wp-content\/uploads\/2023\/05\/Limpieza-de-camion-300x198.webp 300w, https:\/\/transportspeva.cat\/wp-content\/uploads\/2023\/05\/Limpieza-de-camion.webp 1920w\" sizes=\"auto, (max-width: 1024px) 100vw, 1024px\" \/><\/div><\/div><\/div><\/div><\/div><div class=\"vc_col-sm-6 wpb_column vc_column_container\"><div class=\"vc_column-inner us_custom_47474b22 us_animate_this\"><div class=\"wpb_wrapper\">[vc_custom_heading text=\u00bbCalidad\u00bb use_theme_fonts=\u00bbyes\u00bb css=\u00bb%7B%22default%22%3A%7B%22margin-bottom%22%3A%220%22%7D%7D\u00bb]<div class=\"w-separator size_small with_line width_30 thick_2 style_solid color_border align_left\"><div class=\"w-separator-h\"><\/div><\/div><div class=\"w-vwrapper align_none valign_top\" style=\"--vwrapper-gap:3rem\"><div class=\"w-iconbox iconpos_left style_default color_custom align_left\"><div class=\"w-iconbox-icon\" style=\"font-size:3rem;--icon-color:var(--color-header-middle-bg);\"><span class=\"fas fa-file-certificate\"><\/span><\/div><div class=\"w-iconbox-meta\"><h4 class=\"w-iconbox-title\">Certificaci\u00f3n IFS logistics<\/h4><div class=\"w-iconbox-text\"><p>Disponemos de la Certificaci\u00f3n IFS Logistics, que garantiza la calidad y la seguridad de nuestros procesos log\u00edsticos.<\/p>\n<\/div><\/div><\/div><div class=\"w-iconbox iconpos_left style_default color_custom align_left\"><div class=\"w-iconbox-icon\" style=\"font-size:3rem;--icon-color:#ffffff;\"><span class=\"fas fa-pump-medical\"><\/span><\/div><div class=\"w-iconbox-meta\"><h4 class=\"w-iconbox-title\">Registro sanitario<\/h4><div class=\"w-iconbox-text\"><div class=\"flex flex-grow flex-col gap-3\">\n<div class=\"min-h-&#091;20px&#093; flex flex-col items-start gap-4 whitespace-pre-wrap break-words\">\n<div class=\"markdown prose w-full break-words dark:prose-invert light\">\n<p>Realizamos registros sanitarios en nuestros camiones para garantizar la seguridad alimentaria de las mercanc\u00edas transportadas.<\/p>\n<\/div>\n<\/div>\n<\/div>\n<\/div><\/div><\/div><div class=\"w-iconbox iconpos_left style_default color_custom align_left\"><div class=\"w-iconbox-icon\" style=\"font-size:3rem;--icon-color:#ffffff;\"><span class=\"fas fa-hand-sparkles\"><\/span><\/div><div class=\"w-iconbox-meta\"><h4 class=\"w-iconbox-title\">Limpieza<\/h4><div class=\"w-iconbox-text\"><p>Nuestros veh\u00edculos se limpian, en nuestras instalaciones y\/o en lavaderos externos, despu\u00e9s de cada transporte con productos aptos para la alimentaci\u00f3n<\/p>\n<\/div><\/div><\/div><div class=\"w-iconbox iconpos_left style_default color_custom align_left\"><div class=\"w-iconbox-icon\" style=\"font-size:3rem;--icon-color:var(--color-header-middle-bg);\"><span class=\"fas fa-map-marked-alt\"><\/span><\/div><div class=\"w-iconbox-meta\"><h4 class=\"w-iconbox-title\">Seguimento GPS del veh\u00edculo<\/h4><div class=\"w-iconbox-text\"><p>Posici\u00f3n y temperatura, datos a los que puede tener acceso el cliente en tiempo real.<\/p>\n<\/div><\/div><\/div><\/div><\/div><\/div><\/div><\/div><\/div><\/section><section class=\"l-section wpb_row us_custom_60e9caca us_animate_this height_medium\"><div class=\"l-section-h i-cf\"><div class=\"g-cols vc_row via_flex valign_middle type_boxes stacking_default\"><div class=\"vc_col-sm-6 wpb_column vc_column_container\"><div class=\"vc_column-inner\"><div class=\"wpb_wrapper\"><div class=\"wpb_text_column\"><div class=\"wpb_wrapper\"><h2>P\u00f3ngase en <span style=\"color: var(--color-content-primary);\">contacto con nosotros<\/span><\/h2>\n<\/div><\/div><div class=\"w-separator size_small with_line width_30 thick_2 style_solid color_primary align_left\"><div class=\"w-separator-h\"><\/div><\/div><div class=\"wpb_text_column\"><div class=\"wpb_wrapper\"><div class=\"wpb_text_column\">\n<div class=\"wpb_wrapper\">\n<p>Si necesitas m\u00e1s informaci\u00f3n, no dudes en preguntarnos. Rellena el siguiente formulario y en breve nos pondremos en contacto contigo.<\/p>\n<\/div>\n<\/div>\n<\/div><\/div><div class=\"w-separator size_medium\"><\/div><div class=\"w-iconbox iconpos_left style_default color_primary align_left no_title\"><div class=\"w-iconbox-icon\" style=\"font-size:2rem;\"><span class=\"far fa-map-marker-alt\"><\/span><\/div><div class=\"w-iconbox-meta\"><div class=\"w-iconbox-text\"><p><a href=\"https:\/\/goo.gl\/maps\/QBcaZuiEvn7kv2ZD6\" target=\"_blank\" rel=\"noopener\">P.I. El Ponsic, Parc.4- 08279 Aviny\u00f3<\/a><\/p>\n<\/div><\/div><\/div><div class=\"w-separator size_small\"><\/div><div class=\"w-iconbox iconpos_left style_default color_primary align_left no_title\"><div class=\"w-iconbox-icon\" style=\"font-size:2rem;\"><span class=\"far fa-phone\"><\/span><\/div><div class=\"w-iconbox-meta\"><div class=\"w-iconbox-text\"><p><a href=\"tel:+34938387722\">+34 938 387 722<\/a><\/p>\n<\/div><\/div><\/div><div class=\"w-separator size_small\"><\/div><div class=\"w-iconbox iconpos_left style_default color_primary align_left no_title\"><div class=\"w-iconbox-icon\" style=\"font-size:2rem;\"><span class=\"far fa-clock\"><\/span><\/div><div class=\"w-iconbox-meta\"><div class=\"w-iconbox-text\"><p><a href=\"https:\/\/goo.gl\/maps\/QBcaZuiEvn7kv2ZD6\" target=\"_blank\" rel=\"noopener\">Lunes a viernes de 8 a 17h<\/a><\/p>\n<\/div><\/div><\/div><div class=\"w-separator size_small\"><\/div><div class=\"w-iconbox iconpos_left style_default color_primary align_left no_title\"><div class=\"w-iconbox-icon\" style=\"font-size:2rem;\"><span class=\"far fa-envelope\"><\/span><\/div><div class=\"w-iconbox-meta\"><div class=\"w-iconbox-text\"><p><a href=\"mailto:admin@transportspeva.cat\">admin@transportspeva.cat<\/a><\/p>\n<\/div><\/div><\/div><\/div><\/div><\/div><div class=\"vc_col-sm-6 wpb_column vc_column_container has_text_color has_bg_color\"><div class=\"vc_column-inner us_custom_dd03f4c8\"><div class=\"wpb_wrapper\">[vc_custom_heading text=\u00bbContacto\u00bb font_container=\u00bbtag:h3|text_align:center\u00bb use_theme_fonts=\u00bbyes\u00bb]<div class=\"wpb_text_column\"><div class=\"wpb_wrapper\">\n<div class=\"wpcf7 no-js\" id=\"wpcf7-f328-o1\" lang=\"es-ES\" dir=\"ltr\">\n<div class=\"screen-reader-response\"><p role=\"status\" aria-live=\"polite\" aria-atomic=\"true\"><\/p> <ul><\/ul><\/div>\n<form action=\"\/es\/wp-json\/wp\/v2\/pages\/318#wpcf7-f328-o1\" method=\"post\" class=\"wpcf7-form init wpcf7-acceptance-as-validation\" aria-label=\"Formulario de contacto\" novalidate=\"novalidate\" data-status=\"init\">\n<div style=\"display: none;\">\n<input type=\"hidden\" name=\"_wpcf7\" value=\"328\" \/>\n<input type=\"hidden\" name=\"_wpcf7_version\" value=\"5.7.7\" \/>\n<input type=\"hidden\" name=\"_wpcf7_locale\" value=\"es_ES\" \/>\n<input type=\"hidden\" name=\"_wpcf7_unit_tag\" value=\"wpcf7-f328-o1\" \/>\n<input type=\"hidden\" name=\"_wpcf7_container_post\" value=\"0\" \/>\n<input type=\"hidden\" name=\"_wpcf7_posted_data_hash\" value=\"\" \/>\n<input type=\"hidden\" name=\"_wpcf7_recaptcha_response\" value=\"\" \/>\n<\/div>\n<div class=\"main-contact-form-cita\">\n<div class=\"field-wrap col2\"><label for=\"nombre\"><span class=\"label\">Nombre<\/span><\/label><span class=\"wpcf7-form-control-wrap\" data-name=\"nombre\"><input size=\"40\" class=\"wpcf7-form-control wpcf7-text wpcf7-validates-as-required\" id=\"nombre\" aria-required=\"true\" aria-invalid=\"false\" placeholder=\"Nombre\" value=\"\" type=\"text\" name=\"nombre\" \/><\/span><\/div>\n<div class=\"field-wrap col2\"><label for=\"email\"><span class=\"label\">Email<\/span><\/label><span class=\"wpcf7-form-control-wrap\" data-name=\"email\"><input size=\"40\" class=\"wpcf7-form-control wpcf7-text wpcf7-email wpcf7-validates-as-required wpcf7-validates-as-email\" id=\"email\" aria-required=\"true\" aria-invalid=\"false\" placeholder=\"Email\" value=\"\" type=\"email\" name=\"email\" \/><\/span><\/div>\n<div class=\"field-wrap col2\"><label for=\"telefono\"><span class=\"label\">Tel\u00e9fono<\/span><\/label><span class=\"wpcf7-form-control-wrap\" data-name=\"telefono\"><input size=\"40\" class=\"wpcf7-form-control wpcf7-text wpcf7-tel wpcf7-validates-as-required wpcf7-validates-as-tel\" id=\"telefono\" aria-required=\"true\" aria-invalid=\"false\" placeholder=\"Tel\u00e9fono\" value=\"\" type=\"tel\" name=\"telefono\" \/><\/span><\/div>\n<div class=\"field-wrap col2\"><label for=\"contacto_asunto\"><span class=\"label\">Asunto<span><\/label><span class=\"wpcf7-form-control-wrap\" data-name=\"contacto_asunto\"><input size=\"40\" class=\"wpcf7-form-control wpcf7-text wpcf7-validates-as-required\" id=\"contacto_asunto\" aria-required=\"true\" aria-invalid=\"false\" placeholder=\"Asunto\" value=\"\" type=\"text\" name=\"contacto_asunto\" \/><\/span><\/div>\n\n<div class=\"field-wrap col1\"><label for=\"mensaje\"><span class=\"label\">Mensaje:<\/span><\/label><span class=\"wpcf7-form-control-wrap\" data-name=\"mensaje\"><textarea cols=\"40\" rows=\"10\" class=\"wpcf7-form-control wpcf7-textarea\" id=\"mensaje\" aria-invalid=\"false\" placeholder=\"Mensaje\" name=\"mensaje\"><\/textarea><\/span> <\/div>\n<div class=\"field-wrap col1\"><label for=\"aceptacion\"><span class=\"wpcf7-form-control-wrap\" data-name=\"aceptacion\"><span class=\"wpcf7-form-control wpcf7-acceptance\"><span class=\"wpcf7-list-item\"><input type=\"checkbox\" name=\"aceptacion\" value=\"1\" id=\"aceptacion\" aria-invalid=\"false\" \/><\/span><\/span><\/span> \nInformado y conforme <a rel=\"nofollow\" target=\"_blank\" href=\"https:\/\/transportspeva.cat\/es\/aviso-legal\/\">Aviso Legal<\/a>.<\/label><\/div>\n<div class=\"aviso-legal\">En nombre de TRANSPORTS PEVA, S.L.,  propietaria del dominio web www.transportspeva.cat y en virtud de lo establecido en el Reglamento General de Protecci\u00f3n de Datos (UE 1679\/2016) les informamos que tratamos los datos que nos facilita en el presente formulario con el fin de poder hacer efectiva su solicitud de informaci\u00f3n. Los datos proporcionados se conservar\u00e1n mientras se realiza el procesamiento de su solicitud y se le da respuesta. Usted tiene derecho a obtener confirmaci\u00f3n sobre si en TRANSPORTS PEVA, S.L.  estamos tratando sus datos personales por tanto tiene derecho a acceder a sus datos personales, rectificar los inexactos o solicitar su supresi\u00f3n cuando ya no sean necesarios. <\/div>\n<div class=\"submit-btn\"><input class=\"wpcf7-form-control has-spinner wpcf7-submit\" id=\"form-contact\" type=\"submit\" value=\"Enviar consulta\" \/><\/div>\n<\/div><div class=\"wpcf7-response-output\" aria-hidden=\"true\"><\/div>\n<\/form>\n<\/div>\n\n<\/div><\/div><\/div><\/div><\/div><\/div><\/div><\/section><section class=\"l-section wpb_row us_custom_679fe6ac height_medium color_alternate with_shape\"><div class=\"l-section-shape type_tilt pos_top hor_flip\" style=\"height:15vmin;\"><svg xmlns=\"http:\/\/www.w3.org\/2000\/svg\" viewBox=\"0 0 64 8\" preserveAspectRatio=\"none\" width=\"100%\" height=\"100%\">\r\n\t<path fill=\"currentColor\" d=\"M64 7.9 L64 10 L0 10 L0 0 Z\"\/>\r\n<\/svg><\/div><div class=\"l-section-h i-cf\"><div class=\"g-cols vc_row via_flex valign_top type_default stacking_default\"><div class=\"vc_col-sm-12 wpb_column vc_column_container\"><div class=\"vc_column-inner\"><div class=\"wpb_wrapper\"><div class=\"wpb_text_column us_custom_7d5e63d2\"><div class=\"wpb_wrapper\"><h2 style=\"text-align: center;\">\u00bfConoces nuestros servicios?<\/h2>\n<\/div><\/div><div class=\"w-separator size_small\"><\/div><div class=\"g-cols wpb_row us_custom_60e9caca us_animate_this via_flex valign_top type_default stacking_default\" style=\"--additional-gap:20px;\"><div class=\"vc_col-sm-12 wpb_column vc_column_container caja-box-inicio has_text_color\"><div class=\"vc_column-inner us_custom_bbf5e70d\"><div class=\"wpb_wrapper\"><div class=\"wpb_text_column us_custom_df5f4c97 has_text_color\"><div class=\"wpb_wrapper\"><p>Nuestra actividad principal es <strong>transportar mercanc\u00edas a temperatura controlada<\/strong>. Disponemos de una flota moderna de veh\u00edculos equipados con la m\u00e1s avanzada tecnolog\u00eda disponible en el sector. El objetivo es ofrecer y garantizar un servicio de transporte de mercanc\u00edas seguro, eficiente y sostenible, que satisfaga las necesidades de los clientes y proporcione un trato personalizado.<\/p>\n<\/div><\/div><div class=\"w-separator size_small\"><\/div><div class=\"w-btn-wrapper align_none\"><a class=\"w-btn us-btn-style_1 us_custom_eb849559\" href=\"https:\/\/transportspeva.cat\/es\/servicios\/\"><span class=\"w-btn-label\">Ver servicios<\/span><\/a><\/div><\/div><\/div><\/div><\/div><\/div><\/div><\/div><\/div><\/div><\/section>\n","protected":false},"excerpt":{"rendered":"Soluciones de log\u00edstica Somos una empresa familiar con m\u00e1s de 45 a\u00f1os de experiencia en el sector del transporte de mercanc\u00edas por carretera nacional e internacional. Nacida en 1976, y actualmente, especializada en el transporte a temperatura controlada. Estamos ofreciendo un excelente servicio de calidad a nuestros clientes gracias a nuestros profesionales altamente cualificados y...","protected":false},"author":1,"featured_media":361,"parent":0,"menu_order":0,"comment_status":"closed","ping_status":"closed","template":"","meta":{"footnotes":""},"class_list":["post-318","page","type-page","status-publish","has-post-thumbnail","hentry"],"yoast_head":"<!-- This site is optimized with the Yoast SEO plugin v20.8 - https:\/\/yoast.com\/wordpress\/plugins\/seo\/ -->\n<title>Qui\u00e9nes somos - Transports Peva<\/title>\n<meta name=\"description\" content=\"Somos una empresa familiar con m\u00e1s de 45 a\u00f1os de experiencia en el sector del transporte de mercanc\u00edas por carretera nacional e internacional.\" \/>\n<meta name=\"robots\" content=\"index, follow, max-snippet:-1, max-image-preview:large, max-video-preview:-1\" \/>\n<link rel=\"canonical\" href=\"https:\/\/transportspeva.cat\/es\/quienes-somos\/\" \/>\n<meta property=\"og:locale\" content=\"es_ES\" \/>\n<meta property=\"og:type\" content=\"article\" \/>\n<meta property=\"og:title\" content=\"Qui\u00e9nes somos - Transports Peva\" \/>\n<meta property=\"og:description\" content=\"Somos una empresa familiar con m\u00e1s de 45 a\u00f1os de experiencia en el sector del transporte de mercanc\u00edas por carretera nacional e internacional.\" \/>\n<meta property=\"og:url\" content=\"https:\/\/transportspeva.cat\/es\/quienes-somos\/\" \/>\n<meta property=\"og:site_name\" content=\"Transports Peva\" \/>\n<meta property=\"article:modified_time\" content=\"2023-09-01T07:56:02+00:00\" \/>\n<meta property=\"og:image\" content=\"https:\/\/transportspeva.cat\/wp-content\/uploads\/2023\/05\/Camion-de-IVECO.webp\" \/>\n\t<meta property=\"og:image:width\" content=\"1920\" \/>\n\t<meta property=\"og:image:height\" content=\"1280\" \/>\n\t<meta property=\"og:image:type\" content=\"image\/webp\" \/>\n<meta name=\"twitter:card\" content=\"summary_large_image\" \/>\n<meta name=\"twitter:label1\" content=\"Tiempo de lectura\" \/>\n\t<meta name=\"twitter:data1\" content=\"2 minutos\" \/>\n<script type=\"application\/ld+json\" class=\"yoast-schema-graph\">{\"@context\":\"https:\/\/schema.org\",\"@graph\":[{\"@type\":\"WebPage\",\"@id\":\"https:\/\/transportspeva.cat\/es\/quienes-somos\/\",\"url\":\"https:\/\/transportspeva.cat\/es\/quienes-somos\/\",\"name\":\"Qui\u00e9nes somos - Transports Peva\",\"isPartOf\":{\"@id\":\"https:\/\/transportspeva.cat\/es\/#website\"},\"datePublished\":\"2023-04-14T10:39:58+00:00\",\"dateModified\":\"2023-09-01T07:56:02+00:00\",\"description\":\"Somos una empresa familiar con m\u00e1s de 45 a\u00f1os de experiencia en el sector del transporte de mercanc\u00edas por carretera nacional e internacional.\",\"breadcrumb\":{\"@id\":\"https:\/\/transportspeva.cat\/es\/quienes-somos\/#breadcrumb\"},\"inLanguage\":\"es\",\"potentialAction\":[{\"@type\":\"ReadAction\",\"target\":[\"https:\/\/transportspeva.cat\/es\/quienes-somos\/\"]}]},{\"@type\":\"BreadcrumbList\",\"@id\":\"https:\/\/transportspeva.cat\/es\/quienes-somos\/#breadcrumb\",\"itemListElement\":[{\"@type\":\"ListItem\",\"position\":1,\"name\":\"Portada\",\"item\":\"https:\/\/transportspeva.cat\/es\/inicio\/\"},{\"@type\":\"ListItem\",\"position\":2,\"name\":\"Qui\u00e9nes somos\"}]},{\"@type\":\"WebSite\",\"@id\":\"https:\/\/transportspeva.cat\/es\/#website\",\"url\":\"https:\/\/transportspeva.cat\/es\/\",\"name\":\"Transports Peva\",\"description\":\"\",\"publisher\":{\"@id\":\"https:\/\/transportspeva.cat\/es\/#organization\"},\"potentialAction\":[{\"@type\":\"SearchAction\",\"target\":{\"@type\":\"EntryPoint\",\"urlTemplate\":\"https:\/\/transportspeva.cat\/es\/?s={search_term_string}\"},\"query-input\":\"required name=search_term_string\"}],\"inLanguage\":\"es\"},{\"@type\":\"Organization\",\"@id\":\"https:\/\/transportspeva.cat\/es\/#organization\",\"name\":\"Transports Peva\",\"url\":\"https:\/\/transportspeva.cat\/es\/\",\"logo\":{\"@type\":\"ImageObject\",\"inLanguage\":\"es\",\"@id\":\"https:\/\/transportspeva.cat\/es\/#\/schema\/logo\/image\/\",\"url\":\"https:\/\/transportspeva.cat\/wp-content\/uploads\/2023\/04\/logo.jpg\",\"contentUrl\":\"https:\/\/transportspeva.cat\/wp-content\/uploads\/2023\/04\/logo.jpg\",\"width\":250,\"height\":176,\"caption\":\"Transports Peva\"},\"image\":{\"@id\":\"https:\/\/transportspeva.cat\/es\/#\/schema\/logo\/image\/\"}}]}<\/script>\n<!-- \/ Yoast SEO plugin. -->","yoast_head_json":{"title":"Qui\u00e9nes somos - Transports Peva","description":"Somos una empresa familiar con m\u00e1s de 45 a\u00f1os de experiencia en el sector del transporte de mercanc\u00edas por carretera nacional e internacional.","robots":{"index":"index","follow":"follow","max-snippet":"max-snippet:-1","max-image-preview":"max-image-preview:large","max-video-preview":"max-video-preview:-1"},"canonical":"https:\/\/transportspeva.cat\/es\/quienes-somos\/","og_locale":"es_ES","og_type":"article","og_title":"Qui\u00e9nes somos - Transports Peva","og_description":"Somos una empresa familiar con m\u00e1s de 45 a\u00f1os de experiencia en el sector del transporte de mercanc\u00edas por carretera nacional e internacional.","og_url":"https:\/\/transportspeva.cat\/es\/quienes-somos\/","og_site_name":"Transports Peva","article_modified_time":"2023-09-01T07:56:02+00:00","og_image":[{"width":1920,"height":1280,"url":"https:\/\/transportspeva.cat\/wp-content\/uploads\/2023\/05\/Camion-de-IVECO.webp","type":"image\/webp"}],"twitter_card":"summary_large_image","twitter_misc":{"Tiempo de lectura":"2 minutos"},"schema":{"@context":"https:\/\/schema.org","@graph":[{"@type":"WebPage","@id":"https:\/\/transportspeva.cat\/es\/quienes-somos\/","url":"https:\/\/transportspeva.cat\/es\/quienes-somos\/","name":"Qui\u00e9nes somos - Transports Peva","isPartOf":{"@id":"https:\/\/transportspeva.cat\/es\/#website"},"datePublished":"2023-04-14T10:39:58+00:00","dateModified":"2023-09-01T07:56:02+00:00","description":"Somos una empresa familiar con m\u00e1s de 45 a\u00f1os de experiencia en el sector del transporte de mercanc\u00edas por carretera nacional e internacional.","breadcrumb":{"@id":"https:\/\/transportspeva.cat\/es\/quienes-somos\/#breadcrumb"},"inLanguage":"es","potentialAction":[{"@type":"ReadAction","target":["https:\/\/transportspeva.cat\/es\/quienes-somos\/"]}]},{"@type":"BreadcrumbList","@id":"https:\/\/transportspeva.cat\/es\/quienes-somos\/#breadcrumb","itemListElement":[{"@type":"ListItem","position":1,"name":"Portada","item":"https:\/\/transportspeva.cat\/es\/inicio\/"},{"@type":"ListItem","position":2,"name":"Qui\u00e9nes somos"}]},{"@type":"WebSite","@id":"https:\/\/transportspeva.cat\/es\/#website","url":"https:\/\/transportspeva.cat\/es\/","name":"Transports Peva","description":"","publisher":{"@id":"https:\/\/transportspeva.cat\/es\/#organization"},"potentialAction":[{"@type":"SearchAction","target":{"@type":"EntryPoint","urlTemplate":"https:\/\/transportspeva.cat\/es\/?s={search_term_string}"},"query-input":"required name=search_term_string"}],"inLanguage":"es"},{"@type":"Organization","@id":"https:\/\/transportspeva.cat\/es\/#organization","name":"Transports Peva","url":"https:\/\/transportspeva.cat\/es\/","logo":{"@type":"ImageObject","inLanguage":"es","@id":"https:\/\/transportspeva.cat\/es\/#\/schema\/logo\/image\/","url":"https:\/\/transportspeva.cat\/wp-content\/uploads\/2023\/04\/logo.jpg","contentUrl":"https:\/\/transportspeva.cat\/wp-content\/uploads\/2023\/04\/logo.jpg","width":250,"height":176,"caption":"Transports Peva"},"image":{"@id":"https:\/\/transportspeva.cat\/es\/#\/schema\/logo\/image\/"}}]}},"_links":{"self":[{"href":"https:\/\/transportspeva.cat\/es\/wp-json\/wp\/v2\/pages\/318","targetHints":{"allow":["GET"]}}],"collection":[{"href":"https:\/\/transportspeva.cat\/es\/wp-json\/wp\/v2\/pages"}],"about":[{"href":"https:\/\/transportspeva.cat\/es\/wp-json\/wp\/v2\/types\/page"}],"author":[{"embeddable":true,"href":"https:\/\/transportspeva.cat\/es\/wp-json\/wp\/v2\/users\/1"}],"replies":[{"embeddable":true,"href":"https:\/\/transportspeva.cat\/es\/wp-json\/wp\/v2\/comments?post=318"}],"version-history":[{"count":21,"href":"https:\/\/transportspeva.cat\/es\/wp-json\/wp\/v2\/pages\/318\/revisions"}],"predecessor-version":[{"id":531,"href":"https:\/\/transportspeva.cat\/es\/wp-json\/wp\/v2\/pages\/318\/revisions\/531"}],"wp:featuredmedia":[{"embeddable":true,"href":"https:\/\/transportspeva.cat\/es\/wp-json\/wp\/v2\/media\/361"}],"wp:attachment":[{"href":"https:\/\/transportspeva.cat\/es\/wp-json\/wp\/v2\/media?parent=318"}],"curies":[{"name":"wp","href":"https:\/\/api.w.org\/{rel}","templated":true}]}}