{"id":312,"date":"2022-09-30T13:26:09","date_gmt":"2022-09-30T11:26:09","guid":{"rendered":"https:\/\/transportspeva.cat\/contacto\/"},"modified":"2023-06-01T09:45:45","modified_gmt":"2023-06-01T07:45:45","slug":"contacto","status":"publish","type":"page","link":"https:\/\/transportspeva.cat\/es\/contacto\/","title":{"rendered":"Contacto"},"content":{"rendered":"<section class=\"l-section wpb_row us_custom_60e9caca us_animate_this height_medium\"><div class=\"l-section-h i-cf\"><div class=\"g-cols vc_row via_flex valign_middle type_boxes stacking_default\"><div class=\"vc_col-sm-6 wpb_column vc_column_container\"><div class=\"vc_column-inner\"><div class=\"wpb_wrapper\"><div class=\"wpb_text_column\"><div class=\"wpb_wrapper\"><h2>P\u00f3ngase en <span style=\"color: var(--color-content-primary);\">contacto con nosotros<\/span><\/h2>\n<\/div><\/div><div class=\"w-separator size_small with_line width_30 thick_2 style_solid color_primary align_left\"><div class=\"w-separator-h\"><\/div><\/div><div class=\"wpb_text_column\"><div class=\"wpb_wrapper\"><p>Si necesitas m\u00e1s informaci\u00f3n, no dudes en preguntarnos. Rellena el siguiente formulario y en breve nos pondremos en contacto contigo.<\/p>\n<\/div><\/div><div class=\"w-separator size_medium\"><\/div><div class=\"w-iconbox iconpos_left style_default color_primary align_left no_title\"><div class=\"w-iconbox-icon\" style=\"font-size:2rem;\"><span class=\"far fa-map-marker-alt\"><\/span><\/div><div class=\"w-iconbox-meta\"><div class=\"w-iconbox-text\"><p><a href=\"https:\/\/goo.gl\/maps\/QBcaZuiEvn7kv2ZD6\" target=\"_blank\" rel=\"noopener\">P.I. El Ponsic, Parc.4- 08279 Aviny\u00f3<\/a><\/p>\n<\/div><\/div><\/div><div class=\"w-separator size_small\"><\/div><div class=\"w-iconbox iconpos_left style_default color_primary align_left no_title\"><div class=\"w-iconbox-icon\" style=\"font-size:2rem;\"><span class=\"far fa-phone\"><\/span><\/div><div class=\"w-iconbox-meta\"><div class=\"w-iconbox-text\"><p><a href=\"tel:+34938387722\">+34 938 387 722<\/a><\/p>\n<\/div><\/div><\/div><div class=\"w-separator size_small\"><\/div><div class=\"w-iconbox iconpos_left style_default color_primary align_left no_title\"><div class=\"w-iconbox-icon\" style=\"font-size:2rem;\"><span class=\"far fa-clock\"><\/span><\/div><div class=\"w-iconbox-meta\"><div class=\"w-iconbox-text\"><p><a href=\"https:\/\/goo.gl\/maps\/QBcaZuiEvn7kv2ZD6\" target=\"_blank\" rel=\"noopener\">Lunes a viernes de 8 a 17h<\/a><\/p>\n<\/div><\/div><\/div><div class=\"w-separator size_small\"><\/div><div class=\"w-iconbox iconpos_left style_default color_primary align_left no_title\"><div class=\"w-iconbox-icon\" style=\"font-size:2rem;\"><span class=\"far fa-envelope\"><\/span><\/div><div class=\"w-iconbox-meta\"><div class=\"w-iconbox-text\"><p><a href=\"mailto:admin@transportspeva.cat\">admin@transportspeva.cat<\/a><\/p>\n<\/div><\/div><\/div><\/div><\/div><\/div><div class=\"vc_col-sm-6 wpb_column vc_column_container has_text_color has_bg_color\"><div class=\"vc_column-inner us_custom_dd03f4c8\"><div class=\"wpb_wrapper\">[vc_custom_heading text=\u00bbContacto\u00bb font_container=\u00bbtag:h3|text_align:center\u00bb use_theme_fonts=\u00bbyes\u00bb]<div class=\"wpb_text_column\"><div class=\"wpb_wrapper\">\n<div class=\"wpcf7 no-js\" id=\"wpcf7-f328-o1\" lang=\"es-ES\" dir=\"ltr\">\n<div class=\"screen-reader-response\"><p role=\"status\" aria-live=\"polite\" aria-atomic=\"true\"><\/p> <ul><\/ul><\/div>\n<form action=\"\/es\/wp-json\/wp\/v2\/pages\/312#wpcf7-f328-o1\" method=\"post\" class=\"wpcf7-form init wpcf7-acceptance-as-validation\" aria-label=\"Formulario de contacto\" novalidate=\"novalidate\" data-status=\"init\">\n<div style=\"display: none;\">\n<input type=\"hidden\" name=\"_wpcf7\" value=\"328\" \/>\n<input type=\"hidden\" name=\"_wpcf7_version\" value=\"5.7.7\" \/>\n<input type=\"hidden\" name=\"_wpcf7_locale\" value=\"es_ES\" \/>\n<input type=\"hidden\" name=\"_wpcf7_unit_tag\" value=\"wpcf7-f328-o1\" \/>\n<input type=\"hidden\" name=\"_wpcf7_container_post\" value=\"0\" \/>\n<input type=\"hidden\" name=\"_wpcf7_posted_data_hash\" value=\"\" \/>\n<input type=\"hidden\" name=\"_wpcf7_recaptcha_response\" value=\"\" \/>\n<\/div>\n<div class=\"main-contact-form-cita\">\n<div class=\"field-wrap col2\"><label for=\"nombre\"><span class=\"label\">Nombre<\/span><\/label><span class=\"wpcf7-form-control-wrap\" data-name=\"nombre\"><input size=\"40\" class=\"wpcf7-form-control wpcf7-text wpcf7-validates-as-required\" id=\"nombre\" aria-required=\"true\" aria-invalid=\"false\" placeholder=\"Nombre\" value=\"\" type=\"text\" name=\"nombre\" \/><\/span><\/div>\n<div class=\"field-wrap col2\"><label for=\"email\"><span class=\"label\">Email<\/span><\/label><span class=\"wpcf7-form-control-wrap\" data-name=\"email\"><input size=\"40\" class=\"wpcf7-form-control wpcf7-text wpcf7-email wpcf7-validates-as-required wpcf7-validates-as-email\" id=\"email\" aria-required=\"true\" aria-invalid=\"false\" placeholder=\"Email\" value=\"\" type=\"email\" name=\"email\" \/><\/span><\/div>\n<div class=\"field-wrap col2\"><label for=\"telefono\"><span class=\"label\">Tel\u00e9fono<\/span><\/label><span class=\"wpcf7-form-control-wrap\" data-name=\"telefono\"><input size=\"40\" class=\"wpcf7-form-control wpcf7-text wpcf7-tel wpcf7-validates-as-required wpcf7-validates-as-tel\" id=\"telefono\" aria-required=\"true\" aria-invalid=\"false\" placeholder=\"Tel\u00e9fono\" value=\"\" type=\"tel\" name=\"telefono\" \/><\/span><\/div>\n<div class=\"field-wrap col2\"><label for=\"contacto_asunto\"><span class=\"label\">Asunto<span><\/label><span class=\"wpcf7-form-control-wrap\" data-name=\"contacto_asunto\"><input size=\"40\" class=\"wpcf7-form-control wpcf7-text wpcf7-validates-as-required\" id=\"contacto_asunto\" aria-required=\"true\" aria-invalid=\"false\" placeholder=\"Asunto\" value=\"\" type=\"text\" name=\"contacto_asunto\" \/><\/span><\/div>\n\n<div class=\"field-wrap col1\"><label for=\"mensaje\"><span class=\"label\">Mensaje:<\/span><\/label><span class=\"wpcf7-form-control-wrap\" data-name=\"mensaje\"><textarea cols=\"40\" rows=\"10\" class=\"wpcf7-form-control wpcf7-textarea\" id=\"mensaje\" aria-invalid=\"false\" placeholder=\"Mensaje\" name=\"mensaje\"><\/textarea><\/span> <\/div>\n<div class=\"field-wrap col1\"><label for=\"aceptacion\"><span class=\"wpcf7-form-control-wrap\" data-name=\"aceptacion\"><span class=\"wpcf7-form-control wpcf7-acceptance\"><span class=\"wpcf7-list-item\"><input type=\"checkbox\" name=\"aceptacion\" value=\"1\" id=\"aceptacion\" aria-invalid=\"false\" \/><\/span><\/span><\/span> \nInformado y conforme <a rel=\"nofollow\" target=\"_blank\" href=\"https:\/\/transportspeva.cat\/es\/aviso-legal\/\">Aviso Legal<\/a>.<\/label><\/div>\n<div class=\"aviso-legal\">En nombre de TRANSPORTS PEVA, S.L.,  propietaria del dominio web www.transportspeva.cat y en virtud de lo establecido en el Reglamento General de Protecci\u00f3n de Datos (UE 1679\/2016) les informamos que tratamos los datos que nos facilita en el presente formulario con el fin de poder hacer efectiva su solicitud de informaci\u00f3n. Los datos proporcionados se conservar\u00e1n mientras se realiza el procesamiento de su solicitud y se le da respuesta. Usted tiene derecho a obtener confirmaci\u00f3n sobre si en TRANSPORTS PEVA, S.L.  estamos tratando sus datos personales por tanto tiene derecho a acceder a sus datos personales, rectificar los inexactos o solicitar su supresi\u00f3n cuando ya no sean necesarios. <\/div>\n<div class=\"submit-btn\"><input class=\"wpcf7-form-control has-spinner wpcf7-submit\" id=\"form-contact\" type=\"submit\" value=\"Enviar consulta\" \/><\/div>\n<\/div><div class=\"wpcf7-response-output\" aria-hidden=\"true\"><\/div>\n<\/form>\n<\/div>\n\n<\/div><\/div><\/div><\/div><\/div><\/div><\/div><\/section><section class=\"l-section wpb_row us_custom_821ea863 map height_auto width_full\"><div class=\"l-section-h i-cf\"><div class=\"g-cols vc_row via_flex valign_top type_default stacking_default\"><div class=\"vc_col-sm-12 wpb_column vc_column_container\"><div class=\"vc_column-inner\"><div class=\"wpb_wrapper\"><div class=\"w-separator size_small\"><\/div><div class=\"w-html us_custom_821ea863\"><iframe src=\"https:\/\/www.google.com\/maps\/embed?pb=!1m18!1m12!1m3!1d7275.581184660727!2d1.9637717240002!3d41.85152522563859!2m3!1f0!2f0!3f0!3m2!1i1024!2i768!4f13.1!3m3!1m2!1s0x12a4fcdece70186b%3A0x46cc05b613688c5e!2sTransports%20Peva!5e0!3m2!1sen!2ses!4v1683787994100!5m2!1sen!2ses\" style=\"width: 100%; height: 400px; border: 0;\" allowfullscreen=\"\" loading=\"lazy\" referrerpolicy=\"no-referrer-when-downgrade\"><\/iframe><\/div><\/div><\/div><\/div><\/div><\/div><\/section>\n","protected":false},"excerpt":{"rendered":"P\u00f3ngase en contacto con nosotros Si necesitas m\u00e1s informaci\u00f3n, no dudes en preguntarnos. Rellena el siguiente formulario y en breve nos pondremos en contacto contigo. P.I. El Ponsic, Parc.4- 08279 Aviny\u00f3 +34 938 387 722 Lunes a viernes de 8 a 17h admin@transportspeva.cat [vc_custom_heading text=\"Contacto\" font_container=\"tag:h3|text_align:center\" use_theme_fonts=\"yes\"] Nombre Email Tel\u00e9fono Asunto Mensaje: Informado y conforme...","protected":false},"author":1,"featured_media":374,"parent":0,"menu_order":0,"comment_status":"closed","ping_status":"closed","template":"","meta":{"footnotes":""},"class_list":["post-312","page","type-page","status-publish","has-post-thumbnail","hentry"],"yoast_head":"<!-- This site is optimized with the Yoast SEO plugin v20.8 - https:\/\/yoast.com\/wordpress\/plugins\/seo\/ -->\n<title>Contacto - Transports Peva<\/title>\n<meta name=\"description\" content=\"Si necesitas m\u00e1s informaci\u00f3n, no dudes en preguntarnos. Rellena el siguiente formulario y en breve nos pondremos en contacto contigo.\" \/>\n<meta name=\"robots\" content=\"index, follow, max-snippet:-1, max-image-preview:large, max-video-preview:-1\" \/>\n<link rel=\"canonical\" href=\"https:\/\/transportspeva.cat\/es\/contacto\/\" \/>\n<meta property=\"og:locale\" content=\"es_ES\" \/>\n<meta property=\"og:type\" content=\"article\" \/>\n<meta property=\"og:title\" content=\"Contacto - Transports Peva\" \/>\n<meta property=\"og:description\" content=\"Si necesitas m\u00e1s informaci\u00f3n, no dudes en preguntarnos. Rellena el siguiente formulario y en breve nos pondremos en contacto contigo.\" \/>\n<meta property=\"og:url\" content=\"https:\/\/transportspeva.cat\/es\/contacto\/\" \/>\n<meta property=\"og:site_name\" content=\"Transports Peva\" \/>\n<meta property=\"article:modified_time\" content=\"2023-06-01T07:45:45+00:00\" \/>\n<meta property=\"og:image\" content=\"https:\/\/transportspeva.cat\/wp-content\/uploads\/2023\/05\/Sello-Transports-Peva.webp\" \/>\n\t<meta property=\"og:image:width\" content=\"1920\" \/>\n\t<meta property=\"og:image:height\" content=\"1280\" \/>\n\t<meta property=\"og:image:type\" content=\"image\/webp\" \/>\n<meta name=\"twitter:card\" content=\"summary_large_image\" \/>\n<meta name=\"twitter:label1\" content=\"Tiempo de lectura\" \/>\n\t<meta name=\"twitter:data1\" content=\"1 minuto\" \/>\n<script type=\"application\/ld+json\" class=\"yoast-schema-graph\">{\"@context\":\"https:\/\/schema.org\",\"@graph\":[{\"@type\":\"WebPage\",\"@id\":\"https:\/\/transportspeva.cat\/es\/contacto\/\",\"url\":\"https:\/\/transportspeva.cat\/es\/contacto\/\",\"name\":\"Contacto - Transports Peva\",\"isPartOf\":{\"@id\":\"https:\/\/transportspeva.cat\/es\/#website\"},\"datePublished\":\"2022-09-30T11:26:09+00:00\",\"dateModified\":\"2023-06-01T07:45:45+00:00\",\"description\":\"Si necesitas m\u00e1s informaci\u00f3n, no dudes en preguntarnos. Rellena el siguiente formulario y en breve nos pondremos en contacto contigo.\",\"breadcrumb\":{\"@id\":\"https:\/\/transportspeva.cat\/es\/contacto\/#breadcrumb\"},\"inLanguage\":\"es\",\"potentialAction\":[{\"@type\":\"ReadAction\",\"target\":[\"https:\/\/transportspeva.cat\/es\/contacto\/\"]}]},{\"@type\":\"BreadcrumbList\",\"@id\":\"https:\/\/transportspeva.cat\/es\/contacto\/#breadcrumb\",\"itemListElement\":[{\"@type\":\"ListItem\",\"position\":1,\"name\":\"Portada\",\"item\":\"https:\/\/transportspeva.cat\/es\/inicio\/\"},{\"@type\":\"ListItem\",\"position\":2,\"name\":\"Contacto\"}]},{\"@type\":\"WebSite\",\"@id\":\"https:\/\/transportspeva.cat\/es\/#website\",\"url\":\"https:\/\/transportspeva.cat\/es\/\",\"name\":\"Transports Peva\",\"description\":\"\",\"publisher\":{\"@id\":\"https:\/\/transportspeva.cat\/es\/#organization\"},\"potentialAction\":[{\"@type\":\"SearchAction\",\"target\":{\"@type\":\"EntryPoint\",\"urlTemplate\":\"https:\/\/transportspeva.cat\/es\/?s={search_term_string}\"},\"query-input\":\"required name=search_term_string\"}],\"inLanguage\":\"es\"},{\"@type\":\"Organization\",\"@id\":\"https:\/\/transportspeva.cat\/es\/#organization\",\"name\":\"Transports Peva\",\"url\":\"https:\/\/transportspeva.cat\/es\/\",\"logo\":{\"@type\":\"ImageObject\",\"inLanguage\":\"es\",\"@id\":\"https:\/\/transportspeva.cat\/es\/#\/schema\/logo\/image\/\",\"url\":\"https:\/\/transportspeva.cat\/wp-content\/uploads\/2023\/04\/logo.jpg\",\"contentUrl\":\"https:\/\/transportspeva.cat\/wp-content\/uploads\/2023\/04\/logo.jpg\",\"width\":250,\"height\":176,\"caption\":\"Transports Peva\"},\"image\":{\"@id\":\"https:\/\/transportspeva.cat\/es\/#\/schema\/logo\/image\/\"}}]}<\/script>\n<!-- \/ Yoast SEO plugin. -->","yoast_head_json":{"title":"Contacto - Transports Peva","description":"Si necesitas m\u00e1s informaci\u00f3n, no dudes en preguntarnos. Rellena el siguiente formulario y en breve nos pondremos en contacto contigo.","robots":{"index":"index","follow":"follow","max-snippet":"max-snippet:-1","max-image-preview":"max-image-preview:large","max-video-preview":"max-video-preview:-1"},"canonical":"https:\/\/transportspeva.cat\/es\/contacto\/","og_locale":"es_ES","og_type":"article","og_title":"Contacto - Transports Peva","og_description":"Si necesitas m\u00e1s informaci\u00f3n, no dudes en preguntarnos. Rellena el siguiente formulario y en breve nos pondremos en contacto contigo.","og_url":"https:\/\/transportspeva.cat\/es\/contacto\/","og_site_name":"Transports Peva","article_modified_time":"2023-06-01T07:45:45+00:00","og_image":[{"width":1920,"height":1280,"url":"https:\/\/transportspeva.cat\/wp-content\/uploads\/2023\/05\/Sello-Transports-Peva.webp","type":"image\/webp"}],"twitter_card":"summary_large_image","twitter_misc":{"Tiempo de lectura":"1 minuto"},"schema":{"@context":"https:\/\/schema.org","@graph":[{"@type":"WebPage","@id":"https:\/\/transportspeva.cat\/es\/contacto\/","url":"https:\/\/transportspeva.cat\/es\/contacto\/","name":"Contacto - Transports Peva","isPartOf":{"@id":"https:\/\/transportspeva.cat\/es\/#website"},"datePublished":"2022-09-30T11:26:09+00:00","dateModified":"2023-06-01T07:45:45+00:00","description":"Si necesitas m\u00e1s informaci\u00f3n, no dudes en preguntarnos. Rellena el siguiente formulario y en breve nos pondremos en contacto contigo.","breadcrumb":{"@id":"https:\/\/transportspeva.cat\/es\/contacto\/#breadcrumb"},"inLanguage":"es","potentialAction":[{"@type":"ReadAction","target":["https:\/\/transportspeva.cat\/es\/contacto\/"]}]},{"@type":"BreadcrumbList","@id":"https:\/\/transportspeva.cat\/es\/contacto\/#breadcrumb","itemListElement":[{"@type":"ListItem","position":1,"name":"Portada","item":"https:\/\/transportspeva.cat\/es\/inicio\/"},{"@type":"ListItem","position":2,"name":"Contacto"}]},{"@type":"WebSite","@id":"https:\/\/transportspeva.cat\/es\/#website","url":"https:\/\/transportspeva.cat\/es\/","name":"Transports Peva","description":"","publisher":{"@id":"https:\/\/transportspeva.cat\/es\/#organization"},"potentialAction":[{"@type":"SearchAction","target":{"@type":"EntryPoint","urlTemplate":"https:\/\/transportspeva.cat\/es\/?s={search_term_string}"},"query-input":"required name=search_term_string"}],"inLanguage":"es"},{"@type":"Organization","@id":"https:\/\/transportspeva.cat\/es\/#organization","name":"Transports Peva","url":"https:\/\/transportspeva.cat\/es\/","logo":{"@type":"ImageObject","inLanguage":"es","@id":"https:\/\/transportspeva.cat\/es\/#\/schema\/logo\/image\/","url":"https:\/\/transportspeva.cat\/wp-content\/uploads\/2023\/04\/logo.jpg","contentUrl":"https:\/\/transportspeva.cat\/wp-content\/uploads\/2023\/04\/logo.jpg","width":250,"height":176,"caption":"Transports Peva"},"image":{"@id":"https:\/\/transportspeva.cat\/es\/#\/schema\/logo\/image\/"}}]}},"_links":{"self":[{"href":"https:\/\/transportspeva.cat\/es\/wp-json\/wp\/v2\/pages\/312","targetHints":{"allow":["GET"]}}],"collection":[{"href":"https:\/\/transportspeva.cat\/es\/wp-json\/wp\/v2\/pages"}],"about":[{"href":"https:\/\/transportspeva.cat\/es\/wp-json\/wp\/v2\/types\/page"}],"author":[{"embeddable":true,"href":"https:\/\/transportspeva.cat\/es\/wp-json\/wp\/v2\/users\/1"}],"replies":[{"embeddable":true,"href":"https:\/\/transportspeva.cat\/es\/wp-json\/wp\/v2\/comments?post=312"}],"version-history":[{"count":15,"href":"https:\/\/transportspeva.cat\/es\/wp-json\/wp\/v2\/pages\/312\/revisions"}],"predecessor-version":[{"id":444,"href":"https:\/\/transportspeva.cat\/es\/wp-json\/wp\/v2\/pages\/312\/revisions\/444"}],"wp:featuredmedia":[{"embeddable":true,"href":"https:\/\/transportspeva.cat\/es\/wp-json\/wp\/v2\/media\/374"}],"wp:attachment":[{"href":"https:\/\/transportspeva.cat\/es\/wp-json\/wp\/v2\/media?parent=312"}],"curies":[{"name":"wp","href":"https:\/\/api.w.org\/{rel}","templated":true}]}}