{"id":558,"date":"2022-09-30T10:24:42","date_gmt":"2022-09-30T08:24:42","guid":{"rendered":"https:\/\/transportspeva.cat\/politica-de-privadesa\/"},"modified":"2024-07-15T13:42:04","modified_gmt":"2024-07-15T11:42:04","slug":"politica-de-privadesa","status":"publish","type":"page","link":"https:\/\/transportspeva.cat\/en\/politica-de-privadesa\/","title":{"rendered":"Privacy policy"},"content":{"rendered":"<section class=\"l-section wpb_row height_medium\"><div class=\"l-section-h i-cf\"><div class=\"g-cols vc_row via_flex valign_top type_default stacking_default\"><div class=\"vc_col-sm-12 wpb_column vc_column_container\"><div class=\"vc_column-inner\"><div class=\"wpb_wrapper\">[vc_custom_heading text=&#8221;Pol\u00edtica de privacidad&#8221; font_container=&#8221;tag:h1|text_align:left&#8221; use_theme_fonts=&#8221;yes&#8221;]<div class=\"wpb_text_column\"><div class=\"wpb_wrapper\"><h2>RESPONSABLE DEL TRATAMIENTO<\/h2>\n<p><strong>TRANSPORTS PEVA, S.L.<\/strong> B08392334, con domicilio en Pol\u00edgon Industrial El Punsic, Parcel.la 4, 08279, Aviny\u00f3 Telefono 938387722 y mail <a href=\"mailto:admin@transportspeva.cat\">admin@transportspeva.cat<\/a><\/p>\n<h2>FINALIDAD<\/h2>\n<p>La finalidad de la creaci\u00f3n, existencia y mantenimiento es el tratamiento de los datos con los exclusivos fines de de poder hacer efectivo nuestro servicio y realizar la facturaci\u00f3n del mismo.<\/p>\n<h2>LEGITIMACI\u00d3N<\/h2>\n<p>La base legal para el tratamiento de sus datos es la ejecuci\u00f3n de la prestaci\u00f3n del servicio entre el titular del dato y el responsable del tratamiento y dicha informaci\u00f3n personal se conservar\u00e1 mientras se mantenga la prestaci\u00f3n del mismo durante el tiempo estrictamente necesario para cumplir con las obligaciones legales.<\/p>\n<h2>PERIODO DE CONSERVACI\u00d3N<\/h2>\n<p>Los datos proporcionados se conservar\u00e1n mientras se mantenga la prestaci\u00f3n del servicio o durante los a\u00f1os necesarios para cumplir con las obligaciones legales<\/p>\n<h2>DESTINATARIOS<\/h2>\n<p>Mientras dure el tratamiento de los datos del interesado, TRANSPORTS PEVA, S.L. no ceder\u00e1 los datos a terceros, salvo que medie obligaci\u00f3n legal.<\/p>\n<p>En los supuestos que, para la realizaci\u00f3n de tratamientos de tipo administrativo, fiscal, contable y\/o comercial, se cuente con los servicios de terceros, se formalizar\u00e1 debidamente el preceptivo contrato de encargado de tratamiento, con la finalidad de garantizar la seguridad y confidencialidad de los datos del interesado frente a terceros.<\/p>\n<h2>DERECHOS<\/h2>\n<p>Las personas interesadas tienen derecho a\u00a0acceder\u00a0a sus datos de car\u00e1cter personal, as\u00ed como a solicitar la\u00a0rectificaci\u00f3n\u00a0de datos inexactos o, en su caso, solicitar la\u00a0supresi\u00f3n\u00a0cuando, entre otros motivos, los datos ya no sean necesarios para la finalidad que fueron entregados as\u00ed como\u00a0retirar el consentimiento otorgado. Tambi\u00e9n puede ejercer su derecho a la\u00a0limitaci\u00f3n del tratamiento, de forma que sus datos no ser\u00e1n suprimidos pero el tratamiento de los mismos estar\u00e1 sujeto a limitaciones.<\/p>\n<p>Los ejercicios de portabilidad y automatizaci\u00f3n de decisiones no aplican en este caso por la tipolog\u00eda de datos y tratamiento de los mismos.<\/p>\n<\/div><\/div><\/div><\/div><\/div><\/div><\/div><\/section>\n","protected":false},"excerpt":{"rendered":"[vc_custom_heading text=\"Pol\u00edtica de privacidad\" font_container=\"tag:h1|text_align:left\" use_theme_fonts=\"yes\"]RESPONSABLE DEL TRATAMIENTO TRANSPORTS PEVA, S.L. B08392334, con domicilio en Pol\u00edgon Industrial El Punsic, Parcel.la 4, 08279, Aviny\u00f3 Telefono 938387722 y mail admin@transportspeva.cat FINALIDAD La finalidad de la creaci\u00f3n, existencia y mantenimiento es el tratamiento de los datos con los exclusivos fines de de poder hacer efectivo nuestro servicio y...","protected":false},"author":1,"featured_media":0,"parent":0,"menu_order":0,"comment_status":"closed","ping_status":"closed","template":"","meta":{"footnotes":""},"class_list":["post-558","page","type-page","status-publish","hentry"],"yoast_head":"<!-- This site is optimized with the Yoast SEO plugin v20.8 - https:\/\/yoast.com\/wordpress\/plugins\/seo\/ -->\n<title>Privacy policy - Transports Peva<\/title>\n<meta name=\"robots\" content=\"noindex, follow\" \/>\n<meta property=\"og:locale\" content=\"en_US\" \/>\n<meta property=\"og:type\" content=\"article\" \/>\n<meta property=\"og:title\" content=\"Privacy policy - Transports Peva\" \/>\n<meta property=\"og:url\" content=\"https:\/\/transportspeva.cat\/en\/politica-de-privadesa\/\" \/>\n<meta property=\"og:site_name\" content=\"Transports Peva\" \/>\n<meta property=\"article:modified_time\" content=\"2024-07-15T11:42:04+00:00\" \/>\n<meta property=\"og:image\" content=\"https:\/\/transportspeva.cat\/wp-content\/uploads\/2023\/04\/logo.jpg\" \/>\n\t<meta property=\"og:image:width\" content=\"250\" \/>\n\t<meta property=\"og:image:height\" content=\"176\" \/>\n\t<meta property=\"og:image:type\" content=\"image\/jpeg\" \/>\n<meta name=\"twitter:card\" content=\"summary_large_image\" \/>\n<meta name=\"twitter:label1\" content=\"Est. reading time\" \/>\n\t<meta name=\"twitter:data1\" content=\"7 minutes\" \/>\n<script type=\"application\/ld+json\" class=\"yoast-schema-graph\">{\"@context\":\"https:\/\/schema.org\",\"@graph\":[{\"@type\":\"WebPage\",\"@id\":\"https:\/\/transportspeva.cat\/en\/politica-de-privadesa\/\",\"url\":\"https:\/\/transportspeva.cat\/en\/politica-de-privadesa\/\",\"name\":\"Privacy policy - Transports Peva\",\"isPartOf\":{\"@id\":\"https:\/\/transportspeva.cat\/en\/#website\"},\"datePublished\":\"2022-09-30T08:24:42+00:00\",\"dateModified\":\"2024-07-15T11:42:04+00:00\",\"breadcrumb\":{\"@id\":\"https:\/\/transportspeva.cat\/en\/politica-de-privadesa\/#breadcrumb\"},\"inLanguage\":\"en-US\",\"potentialAction\":[{\"@type\":\"ReadAction\",\"target\":[\"https:\/\/transportspeva.cat\/en\/politica-de-privadesa\/\"]}]},{\"@type\":\"BreadcrumbList\",\"@id\":\"https:\/\/transportspeva.cat\/en\/politica-de-privadesa\/#breadcrumb\",\"itemListElement\":[{\"@type\":\"ListItem\",\"position\":1,\"name\":\"Portada\",\"item\":\"https:\/\/transportspeva.cat\/en\/home\/\"},{\"@type\":\"ListItem\",\"position\":2,\"name\":\"Privacy policy\"}]},{\"@type\":\"WebSite\",\"@id\":\"https:\/\/transportspeva.cat\/en\/#website\",\"url\":\"https:\/\/transportspeva.cat\/en\/\",\"name\":\"Transports Peva\",\"description\":\"\",\"publisher\":{\"@id\":\"https:\/\/transportspeva.cat\/en\/#organization\"},\"potentialAction\":[{\"@type\":\"SearchAction\",\"target\":{\"@type\":\"EntryPoint\",\"urlTemplate\":\"https:\/\/transportspeva.cat\/en\/?s={search_term_string}\"},\"query-input\":\"required name=search_term_string\"}],\"inLanguage\":\"en-US\"},{\"@type\":\"Organization\",\"@id\":\"https:\/\/transportspeva.cat\/en\/#organization\",\"name\":\"Transports Peva\",\"url\":\"https:\/\/transportspeva.cat\/en\/\",\"logo\":{\"@type\":\"ImageObject\",\"inLanguage\":\"en-US\",\"@id\":\"https:\/\/transportspeva.cat\/en\/#\/schema\/logo\/image\/\",\"url\":\"https:\/\/transportspeva.cat\/wp-content\/uploads\/2023\/04\/logo.jpg\",\"contentUrl\":\"https:\/\/transportspeva.cat\/wp-content\/uploads\/2023\/04\/logo.jpg\",\"width\":250,\"height\":176,\"caption\":\"Transports Peva\"},\"image\":{\"@id\":\"https:\/\/transportspeva.cat\/en\/#\/schema\/logo\/image\/\"}}]}<\/script>\n<!-- \/ Yoast SEO plugin. -->","yoast_head_json":{"title":"Privacy policy - Transports Peva","robots":{"index":"noindex","follow":"follow"},"og_locale":"en_US","og_type":"article","og_title":"Privacy policy - Transports Peva","og_url":"https:\/\/transportspeva.cat\/en\/politica-de-privadesa\/","og_site_name":"Transports Peva","article_modified_time":"2024-07-15T11:42:04+00:00","og_image":[{"width":250,"height":176,"url":"https:\/\/transportspeva.cat\/wp-content\/uploads\/2023\/04\/logo.jpg","type":"image\/jpeg"}],"twitter_card":"summary_large_image","twitter_misc":{"Est. reading time":"7 minutes"},"schema":{"@context":"https:\/\/schema.org","@graph":[{"@type":"WebPage","@id":"https:\/\/transportspeva.cat\/en\/politica-de-privadesa\/","url":"https:\/\/transportspeva.cat\/en\/politica-de-privadesa\/","name":"Privacy policy - Transports Peva","isPartOf":{"@id":"https:\/\/transportspeva.cat\/en\/#website"},"datePublished":"2022-09-30T08:24:42+00:00","dateModified":"2024-07-15T11:42:04+00:00","breadcrumb":{"@id":"https:\/\/transportspeva.cat\/en\/politica-de-privadesa\/#breadcrumb"},"inLanguage":"en-US","potentialAction":[{"@type":"ReadAction","target":["https:\/\/transportspeva.cat\/en\/politica-de-privadesa\/"]}]},{"@type":"BreadcrumbList","@id":"https:\/\/transportspeva.cat\/en\/politica-de-privadesa\/#breadcrumb","itemListElement":[{"@type":"ListItem","position":1,"name":"Portada","item":"https:\/\/transportspeva.cat\/en\/home\/"},{"@type":"ListItem","position":2,"name":"Privacy policy"}]},{"@type":"WebSite","@id":"https:\/\/transportspeva.cat\/en\/#website","url":"https:\/\/transportspeva.cat\/en\/","name":"Transports Peva","description":"","publisher":{"@id":"https:\/\/transportspeva.cat\/en\/#organization"},"potentialAction":[{"@type":"SearchAction","target":{"@type":"EntryPoint","urlTemplate":"https:\/\/transportspeva.cat\/en\/?s={search_term_string}"},"query-input":"required name=search_term_string"}],"inLanguage":"en-US"},{"@type":"Organization","@id":"https:\/\/transportspeva.cat\/en\/#organization","name":"Transports Peva","url":"https:\/\/transportspeva.cat\/en\/","logo":{"@type":"ImageObject","inLanguage":"en-US","@id":"https:\/\/transportspeva.cat\/en\/#\/schema\/logo\/image\/","url":"https:\/\/transportspeva.cat\/wp-content\/uploads\/2023\/04\/logo.jpg","contentUrl":"https:\/\/transportspeva.cat\/wp-content\/uploads\/2023\/04\/logo.jpg","width":250,"height":176,"caption":"Transports Peva"},"image":{"@id":"https:\/\/transportspeva.cat\/en\/#\/schema\/logo\/image\/"}}]}},"_links":{"self":[{"href":"https:\/\/transportspeva.cat\/en\/wp-json\/wp\/v2\/pages\/558","targetHints":{"allow":["GET"]}}],"collection":[{"href":"https:\/\/transportspeva.cat\/en\/wp-json\/wp\/v2\/pages"}],"about":[{"href":"https:\/\/transportspeva.cat\/en\/wp-json\/wp\/v2\/types\/page"}],"author":[{"embeddable":true,"href":"https:\/\/transportspeva.cat\/en\/wp-json\/wp\/v2\/users\/1"}],"replies":[{"embeddable":true,"href":"https:\/\/transportspeva.cat\/en\/wp-json\/wp\/v2\/comments?post=558"}],"version-history":[{"count":4,"href":"https:\/\/transportspeva.cat\/en\/wp-json\/wp\/v2\/pages\/558\/revisions"}],"predecessor-version":[{"id":1005,"href":"https:\/\/transportspeva.cat\/en\/wp-json\/wp\/v2\/pages\/558\/revisions\/1005"}],"wp:attachment":[{"href":"https:\/\/transportspeva.cat\/en\/wp-json\/wp\/v2\/media?parent=558"}],"curies":[{"name":"wp","href":"https:\/\/api.w.org\/{rel}","templated":true}]}}