{"id":537,"date":"2022-09-30T13:44:00","date_gmt":"2022-09-30T11:44:00","guid":{"rendered":"https:\/\/transportspeva.cat\/avis-legal\/"},"modified":"2024-07-15T13:50:17","modified_gmt":"2024-07-15T11:50:17","slug":"avis-legal","status":"publish","type":"page","link":"https:\/\/transportspeva.cat\/en\/avis-legal\/","title":{"rendered":"Av\u00eds legal"},"content":{"rendered":"<section class=\"l-section wpb_row height_medium\"><div class=\"l-section-h i-cf\"><div class=\"g-cols vc_row via_flex valign_top type_default stacking_default\"><div class=\"vc_col-sm-12 wpb_column vc_column_container\"><div class=\"vc_column-inner\"><div class=\"wpb_wrapper\">[vc_custom_heading text=&#8221;Aviso legal&#8221; font_container=&#8221;tag:h1|text_align:left&#8221; use_theme_fonts=&#8221;yes&#8221;]<div class=\"wpb_text_column\"><div class=\"wpb_wrapper\"><p>El prop\u00f3sito de este Aviso Legal, es informar a los usuarios de <a href=\"http:\/\/www.transportspeva.cat\">www.transportspeva.cat<\/a>, domiciliada en, Pol\u00edgon Industrial El Punsic, Parcel.la 4 , 08279, Aviny\u00f3, cuya raz\u00f3n social del Responsable del tratamiento es TRANSPORTS PEVA, S.L. , de cu\u00e1l es su pol\u00edtica de protecci\u00f3n de la privacidad y confidencialidad de los datos de car\u00e1cter personal seg\u00fan el Reglamento General de Protecci\u00f3n de Datos (RGPD) que sus usuarios facilitan de forma libre y voluntaria.<\/p>\n<p>TRANSPORTS PEVA, S.L. pone en su conocimiento que dispone de sus datos de car\u00e1cter personal especificados en el correspondiente registro de actividades del tratamiento de la empresa denominado Gesti\u00f3n de Usuarios Web.<\/p>\n<p>La base legal para el tratamiento de sus datos es el consentimiento obtenido del propio titular del tratamiento en el momento de cumplimentar nuestro formulario on-line y aceptar de forma expresa el mismo.<\/p>\n<p>La finalidad de la creaci\u00f3n, existencia y mantenimiento es el tratamiento de los datos con los exclusivos fines de de poder hacer efectiva la solicitud de informaci\u00f3n.<\/p>\n<p>Los destinatarios de la informaci\u00f3n son todos los departamentos, compartimentos, locales y entes asociados en los que se organiza TRANSPORTS PEVA, S.L. y no ser\u00e1n cedidos a ning\u00fan tercero salvo en los casos que exista una obligaci\u00f3n legal.<\/p>\n<p>En todo caso, usted tiene derecho a obtener confirmaci\u00f3n sobre si en TRANSPORTS PEVA, S.L. estamos tratando sus datos personales por tanto tiene derecho a acceder a sus datos personales, rectificar los datos inexactos o solicitar su supresi\u00f3n cuando los datos ya no sean necesarios.<\/p>\n<p>Todos los campos del formulario on-line son de obligada cumplimentaci\u00f3n para poder hacer efectiva su solicitud de informaci\u00f3n.<\/p>\n<p>La Web <a href=\"http:\/\/www.transportspeva.cat\">www.transportspeva.cat<\/a> ha adoptado las medidas de \u00edndole t\u00e9cnica y organizativas necesarias, seg\u00fan el nivel de seguridad de protecci\u00f3n de datos que le corresponde legalmente, para garantizar la seguridad del tratamiento de datos de car\u00e1cter personal que constituyen su fichero automatizado. Sin embargo, el usuario debe ser consciente de que en la actualidad las medidas de seguridad en Internet no son inexpugnables y por lo tanto no se est\u00e1 a salvo de posibles intromisiones ilegales e indebidas, que no ser\u00edan responsabilidad de TRANSPORTS PEVA, S.L. , ya que ella ha actuado con la diligencia debida para proteger los datos conforme determina la ley.<\/p>\n<p>La pol\u00edtica de cookies de la Web <a href=\"http:\/\/www.transportspeva.cat\">www.transportspeva.cat<\/a> se encuentra determinada en el apartado correspondiente.<\/p>\n<p>La Web <a href=\"http:\/\/www.transportspeva.cat\">www.transportspeva.cat<\/a> har\u00e1 todo lo posible porque sus datos est\u00e9n siempre actualizados. No obstante, la responsabilidad acerca de la calidad de los datos depende del titular de ellos, de ah\u00ed que si existe alguna modificaci\u00f3n de los datos el usuario de la web los comunicar\u00e1 al Responsable del Fichero, declinando esta toda responsabilidad en caso de que omita su obligaci\u00f3n de notificar los cambios.<\/p>\n<p>La prestaci\u00f3n del servicio de esta Web y las presentes condiciones de Uso del Sitio Web se rigen por la Ley Espa\u00f1ola. Para cualquier discrepancia en la ejecuci\u00f3n, interpretaci\u00f3n, cumplimiento de estas condiciones, las partes se someten a los Juzgados y Tribunales competentes.<\/p>\n<\/div><\/div><\/div><\/div><\/div><\/div><\/div><\/section>\n","protected":false},"excerpt":{"rendered":"[vc_custom_heading text=\"Aviso legal\" font_container=\"tag:h1|text_align:left\" use_theme_fonts=\"yes\"]El prop\u00f3sito de este Aviso Legal, es informar a los usuarios de www.transportspeva.cat, domiciliada en, Pol\u00edgon Industrial El Punsic, Parcel.la 4 , 08279, Aviny\u00f3, cuya raz\u00f3n social del Responsable del tratamiento es TRANSPORTS PEVA, S.L. , de cu\u00e1l es su pol\u00edtica de protecci\u00f3n de la privacidad y confidencialidad de los datos...","protected":false},"author":1,"featured_media":0,"parent":0,"menu_order":0,"comment_status":"closed","ping_status":"closed","template":"","meta":{"footnotes":""},"class_list":["post-537","page","type-page","status-publish","hentry"],"yoast_head":"<!-- This site is optimized with the Yoast SEO plugin v20.8 - https:\/\/yoast.com\/wordpress\/plugins\/seo\/ -->\n<title>Av\u00eds legal - Transports Peva<\/title>\n<meta name=\"robots\" content=\"noindex, follow\" \/>\n<meta property=\"og:locale\" content=\"en_US\" \/>\n<meta property=\"og:type\" content=\"article\" \/>\n<meta property=\"og:title\" content=\"Av\u00eds legal - Transports Peva\" \/>\n<meta property=\"og:url\" content=\"https:\/\/transportspeva.cat\/en\/avis-legal\/\" \/>\n<meta property=\"og:site_name\" content=\"Transports Peva\" \/>\n<meta property=\"article:modified_time\" content=\"2024-07-15T11:50:17+00:00\" \/>\n<meta property=\"og:image\" content=\"https:\/\/transportspeva.cat\/wp-content\/uploads\/2023\/04\/logo.jpg\" \/>\n\t<meta property=\"og:image:width\" content=\"250\" \/>\n\t<meta property=\"og:image:height\" content=\"176\" \/>\n\t<meta property=\"og:image:type\" content=\"image\/jpeg\" \/>\n<meta name=\"twitter:card\" content=\"summary_large_image\" \/>\n<meta name=\"twitter:label1\" content=\"Est. reading time\" \/>\n\t<meta name=\"twitter:data1\" content=\"3 minutes\" \/>\n<script type=\"application\/ld+json\" class=\"yoast-schema-graph\">{\"@context\":\"https:\/\/schema.org\",\"@graph\":[{\"@type\":\"WebPage\",\"@id\":\"https:\/\/transportspeva.cat\/en\/avis-legal\/\",\"url\":\"https:\/\/transportspeva.cat\/en\/avis-legal\/\",\"name\":\"Av\u00eds legal - Transports Peva\",\"isPartOf\":{\"@id\":\"https:\/\/transportspeva.cat\/en\/#website\"},\"datePublished\":\"2022-09-30T11:44:00+00:00\",\"dateModified\":\"2024-07-15T11:50:17+00:00\",\"breadcrumb\":{\"@id\":\"https:\/\/transportspeva.cat\/en\/avis-legal\/#breadcrumb\"},\"inLanguage\":\"en-US\",\"potentialAction\":[{\"@type\":\"ReadAction\",\"target\":[\"https:\/\/transportspeva.cat\/en\/avis-legal\/\"]}]},{\"@type\":\"BreadcrumbList\",\"@id\":\"https:\/\/transportspeva.cat\/en\/avis-legal\/#breadcrumb\",\"itemListElement\":[{\"@type\":\"ListItem\",\"position\":1,\"name\":\"Portada\",\"item\":\"https:\/\/transportspeva.cat\/en\/home\/\"},{\"@type\":\"ListItem\",\"position\":2,\"name\":\"Av\u00eds legal\"}]},{\"@type\":\"WebSite\",\"@id\":\"https:\/\/transportspeva.cat\/en\/#website\",\"url\":\"https:\/\/transportspeva.cat\/en\/\",\"name\":\"Transports Peva\",\"description\":\"\",\"publisher\":{\"@id\":\"https:\/\/transportspeva.cat\/en\/#organization\"},\"potentialAction\":[{\"@type\":\"SearchAction\",\"target\":{\"@type\":\"EntryPoint\",\"urlTemplate\":\"https:\/\/transportspeva.cat\/en\/?s={search_term_string}\"},\"query-input\":\"required name=search_term_string\"}],\"inLanguage\":\"en-US\"},{\"@type\":\"Organization\",\"@id\":\"https:\/\/transportspeva.cat\/en\/#organization\",\"name\":\"Transports Peva\",\"url\":\"https:\/\/transportspeva.cat\/en\/\",\"logo\":{\"@type\":\"ImageObject\",\"inLanguage\":\"en-US\",\"@id\":\"https:\/\/transportspeva.cat\/en\/#\/schema\/logo\/image\/\",\"url\":\"https:\/\/transportspeva.cat\/wp-content\/uploads\/2023\/04\/logo.jpg\",\"contentUrl\":\"https:\/\/transportspeva.cat\/wp-content\/uploads\/2023\/04\/logo.jpg\",\"width\":250,\"height\":176,\"caption\":\"Transports Peva\"},\"image\":{\"@id\":\"https:\/\/transportspeva.cat\/en\/#\/schema\/logo\/image\/\"}}]}<\/script>\n<!-- \/ Yoast SEO plugin. -->","yoast_head_json":{"title":"Av\u00eds legal - Transports Peva","robots":{"index":"noindex","follow":"follow"},"og_locale":"en_US","og_type":"article","og_title":"Av\u00eds legal - Transports Peva","og_url":"https:\/\/transportspeva.cat\/en\/avis-legal\/","og_site_name":"Transports Peva","article_modified_time":"2024-07-15T11:50:17+00:00","og_image":[{"width":250,"height":176,"url":"https:\/\/transportspeva.cat\/wp-content\/uploads\/2023\/04\/logo.jpg","type":"image\/jpeg"}],"twitter_card":"summary_large_image","twitter_misc":{"Est. reading time":"3 minutes"},"schema":{"@context":"https:\/\/schema.org","@graph":[{"@type":"WebPage","@id":"https:\/\/transportspeva.cat\/en\/avis-legal\/","url":"https:\/\/transportspeva.cat\/en\/avis-legal\/","name":"Av\u00eds legal - Transports Peva","isPartOf":{"@id":"https:\/\/transportspeva.cat\/en\/#website"},"datePublished":"2022-09-30T11:44:00+00:00","dateModified":"2024-07-15T11:50:17+00:00","breadcrumb":{"@id":"https:\/\/transportspeva.cat\/en\/avis-legal\/#breadcrumb"},"inLanguage":"en-US","potentialAction":[{"@type":"ReadAction","target":["https:\/\/transportspeva.cat\/en\/avis-legal\/"]}]},{"@type":"BreadcrumbList","@id":"https:\/\/transportspeva.cat\/en\/avis-legal\/#breadcrumb","itemListElement":[{"@type":"ListItem","position":1,"name":"Portada","item":"https:\/\/transportspeva.cat\/en\/home\/"},{"@type":"ListItem","position":2,"name":"Av\u00eds legal"}]},{"@type":"WebSite","@id":"https:\/\/transportspeva.cat\/en\/#website","url":"https:\/\/transportspeva.cat\/en\/","name":"Transports Peva","description":"","publisher":{"@id":"https:\/\/transportspeva.cat\/en\/#organization"},"potentialAction":[{"@type":"SearchAction","target":{"@type":"EntryPoint","urlTemplate":"https:\/\/transportspeva.cat\/en\/?s={search_term_string}"},"query-input":"required name=search_term_string"}],"inLanguage":"en-US"},{"@type":"Organization","@id":"https:\/\/transportspeva.cat\/en\/#organization","name":"Transports Peva","url":"https:\/\/transportspeva.cat\/en\/","logo":{"@type":"ImageObject","inLanguage":"en-US","@id":"https:\/\/transportspeva.cat\/en\/#\/schema\/logo\/image\/","url":"https:\/\/transportspeva.cat\/wp-content\/uploads\/2023\/04\/logo.jpg","contentUrl":"https:\/\/transportspeva.cat\/wp-content\/uploads\/2023\/04\/logo.jpg","width":250,"height":176,"caption":"Transports Peva"},"image":{"@id":"https:\/\/transportspeva.cat\/en\/#\/schema\/logo\/image\/"}}]}},"_links":{"self":[{"href":"https:\/\/transportspeva.cat\/en\/wp-json\/wp\/v2\/pages\/537","targetHints":{"allow":["GET"]}}],"collection":[{"href":"https:\/\/transportspeva.cat\/en\/wp-json\/wp\/v2\/pages"}],"about":[{"href":"https:\/\/transportspeva.cat\/en\/wp-json\/wp\/v2\/types\/page"}],"author":[{"embeddable":true,"href":"https:\/\/transportspeva.cat\/en\/wp-json\/wp\/v2\/users\/1"}],"replies":[{"embeddable":true,"href":"https:\/\/transportspeva.cat\/en\/wp-json\/wp\/v2\/comments?post=537"}],"version-history":[{"count":5,"href":"https:\/\/transportspeva.cat\/en\/wp-json\/wp\/v2\/pages\/537\/revisions"}],"predecessor-version":[{"id":1011,"href":"https:\/\/transportspeva.cat\/en\/wp-json\/wp\/v2\/pages\/537\/revisions\/1011"}],"wp:attachment":[{"href":"https:\/\/transportspeva.cat\/en\/wp-json\/wp\/v2\/media?parent=537"}],"curies":[{"name":"wp","href":"https:\/\/api.w.org\/{rel}","templated":true}]}}